{"id":2216,"date":"2022-12-07T12:10:37","date_gmt":"2022-12-07T11:10:37","guid":{"rendered":"https:\/\/multipub.re\/?post_type=product&#038;p=2216"},"modified":"2023-01-25T07:29:23","modified_gmt":"2023-01-25T06:29:23","slug":"trophees-et-medailles","status":"publish","type":"product","link":"http:\/\/multipub.re\/index.php\/produit\/trophees-et-medailles\/","title":{"rendered":"Troph\u00e9es et m\u00e9dailles"},"content":{"rendered":"<p><strong>Envie de laisser une emprunte m\u00e9morable ?<\/strong> Faites fabriquer vos troph\u00e9es sur-mesure ! Nous m\u00e9langeons le plexiglass et le bois, les couleurs et les transparences, les tailles et les formes&#8230; Le r\u00e9sultat : des r\u00e9alisations uniques, pens\u00e9es sur-mesure, pour valoriser vos sponsors, votre discipline et vos vainqueurs. Nous concevons et r\u00e9alisons tout, de A \u00e0 Z !<\/p>\n<p><strong>Fabriqu\u00e9s en bois et plexiglass d\u00e9coup\u00e9s,<\/strong> nos troph\u00e9es et m\u00e9dailles sont durables et \u00e9l\u00e9gants. Ils sont disponibles dans une vari\u00e9t\u00e9 de formes et de tailles pour s&rsquo;adapter \u00e0 vos besoins.<\/p>\n<p>Nos troph\u00e9es et m\u00e9dailles sont \u00e9galement personnalisables avec la formule et les sponsors de votre \u00e9v\u00e8nement. Ajoutez votre nom, votre logo ou tout autre message pour cr\u00e9er un troph\u00e9e ou une m\u00e9daille unique et originale. La gravure est r\u00e9alis\u00e9e avec des lasers au CO2 pour un r\u00e9sultat qui impressionnera vos vainqueurs !<\/p>\n<p><strong>Vous ne savez pas par o\u00f9 commencer ?<\/strong> Venez nous voir ! Nos mod\u00e8les d&rsquo;exposition et nos conseils avis\u00e9s vous permettrons d&rsquo;y voir plus clair !<\/p>\n","protected":false},"excerpt":{"rendered":"<p>Visez le bois plut\u00f4t que l&rsquo;or !<\/p>\n","protected":false},"featured_media":2693,"template":"","meta":{"site-sidebar-layout":"default","site-content-layout":"default","ast-site-content-layout":"default","site-content-style":"default","site-sidebar-style":"default","ast-global-header-display":"","ast-banner-title-visibility":"","ast-main-header-display":"","ast-hfb-above-header-display":"","ast-hfb-below-header-display":"","ast-hfb-mobile-header-display":"","site-post-title":"","ast-breadcrumbs-content":"","ast-featured-img":"","footer-sml-layout":"","ast-disable-related-posts":"","theme-transparent-header-meta":"default","adv-header-id-meta":"","stick-header-meta":"","header-above-stick-meta":"","header-main-stick-meta":"","header-below-stick-meta":"","astra-migrate-meta-layouts":"default","ast-page-background-enabled":"default","ast-page-background-meta":{"desktop":{"background-color":"var(--ast-global-color-4)","background-image":"","background-repeat":"repeat","background-position":"center center","background-size":"auto","background-attachment":"scroll","background-type":"","background-media":"","overlay-type":"","overlay-color":"","overlay-opacity":"","overlay-gradient":""},"tablet":{"background-color":"","background-image":"","background-repeat":"repeat","background-position":"center center","background-size":"auto","background-attachment":"scroll","background-type":"","background-media":"","overlay-type":"","overlay-color":"","overlay-opacity":"","overlay-gradient":""},"mobile":{"background-color":"","background-image":"","background-repeat":"repeat","background-position":"center center","background-size":"auto","background-attachment":"scroll","background-type":"","background-media":"","overlay-type":"","overlay-color":"","overlay-opacity":"","overlay-gradient":""}},"ast-content-background-meta":{"desktop":{"background-color":"var(--ast-global-color-5)","background-image":"","background-repeat":"repeat","background-position":"center center","background-size":"auto","background-attachment":"scroll","background-type":"","background-media":"","overlay-type":"","overlay-color":"","overlay-opacity":"","overlay-gradient":""},"tablet":{"background-color":"var(--ast-global-color-5)","background-image":"","background-repeat":"repeat","background-position":"center center","background-size":"auto","background-attachment":"scroll","background-type":"","background-media":"","overlay-type":"","overlay-color":"","overlay-opacity":"","overlay-gradient":""},"mobile":{"background-color":"var(--ast-global-color-5)","background-image":"","background-repeat":"repeat","background-position":"center center","background-size":"auto","background-attachment":"scroll","background-type":"","background-media":"","overlay-type":"","overlay-color":"","overlay-opacity":"","overlay-gradient":""}}},"product_brand":[],"product_cat":[36],"product_tag":[],"class_list":{"0":"post-2216","1":"product","2":"type-product","3":"status-publish","4":"has-post-thumbnail","6":"product_cat-objets-publicitaires","7":"desktop-align-left","8":"tablet-align-left","9":"mobile-align-left","11":"first","12":"instock","13":"featured","14":"taxable","15":"shipping-taxable","16":"product-type-simple"},"yoast_head":"<!-- This site is optimized with the Yoast SEO plugin v26.7 - https:\/\/yoast.com\/wordpress\/plugins\/seo\/ -->\n<title>Troph\u00e9es et m\u00e9dailles - MultiPub.re<\/title>\n<meta name=\"description\" content=\"D\u00e9couvrez nos troph\u00e9es et m\u00e9dailles en bois et plexiglass personnalis\u00e9s avec gravure professionnelle pour c\u00e9l\u00e9brer votre r\u00e9ussite. Demandez un devis !\" \/>\n<meta name=\"robots\" content=\"index, follow, max-snippet:-1, max-image-preview:large, max-video-preview:-1\" \/>\n<link rel=\"canonical\" href=\"https:\/\/multipub.re\/index.php\/produit\/trophees-et-medailles\/\" \/>\n<meta property=\"og:locale\" content=\"fr_FR\" \/>\n<meta property=\"og:type\" content=\"article\" \/>\n<meta property=\"og:title\" content=\"Troph\u00e9es et m\u00e9dailles - MultiPub.re\" \/>\n<meta property=\"og:description\" content=\"D\u00e9couvrez nos troph\u00e9es et m\u00e9dailles en bois et plexiglass personnalis\u00e9s avec gravure professionnelle pour c\u00e9l\u00e9brer votre r\u00e9ussite. Demandez un devis !\" \/>\n<meta property=\"og:url\" content=\"https:\/\/multipub.re\/index.php\/produit\/trophees-et-medailles\/\" \/>\n<meta property=\"og:site_name\" content=\"MultiPub.re\" \/>\n<meta property=\"article:publisher\" content=\"https:\/\/www.facebook.com\/multipub.re\" \/>\n<meta property=\"article:modified_time\" content=\"2023-01-25T06:29:23+00:00\" \/>\n<meta property=\"og:image\" content=\"https:\/\/multipub.re\/wp-content\/uploads\/2022\/12\/WhatsApp-Image-2022-12-22-at-151.48.jpg\" \/>\n\t<meta property=\"og:image:width\" content=\"1280\" \/>\n\t<meta property=\"og:image:height\" content=\"964\" \/>\n\t<meta property=\"og:image:type\" content=\"image\/jpeg\" \/>\n<meta name=\"twitter:card\" content=\"summary_large_image\" \/>\n<meta name=\"twitter:label1\" content=\"Dur\u00e9e de lecture estim\u00e9e\" \/>\n\t<meta name=\"twitter:data1\" content=\"1 minute\" \/>\n<script type=\"application\/ld+json\" class=\"yoast-schema-graph\">{\"@context\":\"https:\/\/schema.org\",\"@graph\":[{\"@type\":\"WebPage\",\"@id\":\"https:\/\/multipub.re\/index.php\/produit\/trophees-et-medailles\/\",\"url\":\"https:\/\/multipub.re\/index.php\/produit\/trophees-et-medailles\/\",\"name\":\"Troph\u00e9es et m\u00e9dailles - MultiPub.re\",\"isPartOf\":{\"@id\":\"https:\/\/multipub.re\/#website\"},\"primaryImageOfPage\":{\"@id\":\"https:\/\/multipub.re\/index.php\/produit\/trophees-et-medailles\/#primaryimage\"},\"image\":{\"@id\":\"https:\/\/multipub.re\/index.php\/produit\/trophees-et-medailles\/#primaryimage\"},\"thumbnailUrl\":\"http:\/\/multipub.re\/wp-content\/uploads\/2022\/12\/WhatsApp-Image-2022-12-22-at-151.48.jpg\",\"datePublished\":\"2022-12-07T11:10:37+00:00\",\"dateModified\":\"2023-01-25T06:29:23+00:00\",\"description\":\"D\u00e9couvrez nos troph\u00e9es et m\u00e9dailles en bois et plexiglass personnalis\u00e9s avec gravure professionnelle pour c\u00e9l\u00e9brer votre r\u00e9ussite. Demandez un devis !\",\"breadcrumb\":{\"@id\":\"https:\/\/multipub.re\/index.php\/produit\/trophees-et-medailles\/#breadcrumb\"},\"inLanguage\":\"fr-FR\",\"potentialAction\":[{\"@type\":\"ReadAction\",\"target\":[\"https:\/\/multipub.re\/index.php\/produit\/trophees-et-medailles\/\"]}]},{\"@type\":\"ImageObject\",\"inLanguage\":\"fr-FR\",\"@id\":\"https:\/\/multipub.re\/index.php\/produit\/trophees-et-medailles\/#primaryimage\",\"url\":\"http:\/\/multipub.re\/wp-content\/uploads\/2022\/12\/WhatsApp-Image-2022-12-22-at-151.48.jpg\",\"contentUrl\":\"http:\/\/multipub.re\/wp-content\/uploads\/2022\/12\/WhatsApp-Image-2022-12-22-at-151.48.jpg\",\"width\":1280,\"height\":964,\"caption\":\"Troph\u00e9es pour le prix de l'entrepreneuse 2022 en bois et plexiglass\"},{\"@type\":\"BreadcrumbList\",\"@id\":\"https:\/\/multipub.re\/index.php\/produit\/trophees-et-medailles\/#breadcrumb\",\"itemListElement\":[{\"@type\":\"ListItem\",\"position\":1,\"name\":\"Accueil\",\"item\":\"https:\/\/multipub.re\/\"},{\"@type\":\"ListItem\",\"position\":2,\"name\":\"Boutique\",\"item\":\"https:\/\/multipub.re\/index.php\/boutique\/\"},{\"@type\":\"ListItem\",\"position\":3,\"name\":\"Troph\u00e9es et m\u00e9dailles\"}]},{\"@type\":\"WebSite\",\"@id\":\"https:\/\/multipub.re\/#website\",\"url\":\"https:\/\/multipub.re\/\",\"name\":\"MultiPub.re - Votre partenaire publicitaire \u00e0 la R\u00e9union\",\"description\":\"Votre partenaire publicitaire\",\"publisher\":{\"@id\":\"https:\/\/multipub.re\/#organization\"},\"potentialAction\":[{\"@type\":\"SearchAction\",\"target\":{\"@type\":\"EntryPoint\",\"urlTemplate\":\"https:\/\/multipub.re\/?s={search_term_string}\"},\"query-input\":{\"@type\":\"PropertyValueSpecification\",\"valueRequired\":true,\"valueName\":\"search_term_string\"}}],\"inLanguage\":\"fr-FR\"},{\"@type\":\"Organization\",\"@id\":\"https:\/\/multipub.re\/#organization\",\"name\":\"MultiPub.re - Votre partenaire publicitaire \u00e0 la R\u00e9union\",\"url\":\"https:\/\/multipub.re\/\",\"logo\":{\"@type\":\"ImageObject\",\"inLanguage\":\"fr-FR\",\"@id\":\"https:\/\/multipub.re\/#\/schema\/logo\/image\/\",\"url\":\"https:\/\/i0.wp.com\/multipub.re\/wp-content\/uploads\/2022\/06\/logo-couleur-noir.png?fit=261%2C117&ssl=1\",\"contentUrl\":\"https:\/\/i0.wp.com\/multipub.re\/wp-content\/uploads\/2022\/06\/logo-couleur-noir.png?fit=261%2C117&ssl=1\",\"width\":261,\"height\":117,\"caption\":\"MultiPub.re - Votre partenaire publicitaire \u00e0 la R\u00e9union\"},\"image\":{\"@id\":\"https:\/\/multipub.re\/#\/schema\/logo\/image\/\"},\"sameAs\":[\"https:\/\/www.facebook.com\/multipub.re\",\"https:\/\/www.instagram.com\/multipub.re\"]}]}<\/script>\n<!-- \/ Yoast SEO plugin. -->","yoast_head_json":{"title":"Troph\u00e9es et m\u00e9dailles - MultiPub.re","description":"D\u00e9couvrez nos troph\u00e9es et m\u00e9dailles en bois et plexiglass personnalis\u00e9s avec gravure professionnelle pour c\u00e9l\u00e9brer votre r\u00e9ussite. Demandez un devis !","robots":{"index":"index","follow":"follow","max-snippet":"max-snippet:-1","max-image-preview":"max-image-preview:large","max-video-preview":"max-video-preview:-1"},"canonical":"https:\/\/multipub.re\/index.php\/produit\/trophees-et-medailles\/","og_locale":"fr_FR","og_type":"article","og_title":"Troph\u00e9es et m\u00e9dailles - MultiPub.re","og_description":"D\u00e9couvrez nos troph\u00e9es et m\u00e9dailles en bois et plexiglass personnalis\u00e9s avec gravure professionnelle pour c\u00e9l\u00e9brer votre r\u00e9ussite. Demandez un devis !","og_url":"https:\/\/multipub.re\/index.php\/produit\/trophees-et-medailles\/","og_site_name":"MultiPub.re","article_publisher":"https:\/\/www.facebook.com\/multipub.re","article_modified_time":"2023-01-25T06:29:23+00:00","og_image":[{"width":1280,"height":964,"url":"https:\/\/multipub.re\/wp-content\/uploads\/2022\/12\/WhatsApp-Image-2022-12-22-at-151.48.jpg","type":"image\/jpeg"}],"twitter_card":"summary_large_image","twitter_misc":{"Dur\u00e9e de lecture estim\u00e9e":"1 minute"},"schema":{"@context":"https:\/\/schema.org","@graph":[{"@type":"WebPage","@id":"https:\/\/multipub.re\/index.php\/produit\/trophees-et-medailles\/","url":"https:\/\/multipub.re\/index.php\/produit\/trophees-et-medailles\/","name":"Troph\u00e9es et m\u00e9dailles - MultiPub.re","isPartOf":{"@id":"https:\/\/multipub.re\/#website"},"primaryImageOfPage":{"@id":"https:\/\/multipub.re\/index.php\/produit\/trophees-et-medailles\/#primaryimage"},"image":{"@id":"https:\/\/multipub.re\/index.php\/produit\/trophees-et-medailles\/#primaryimage"},"thumbnailUrl":"http:\/\/multipub.re\/wp-content\/uploads\/2022\/12\/WhatsApp-Image-2022-12-22-at-151.48.jpg","datePublished":"2022-12-07T11:10:37+00:00","dateModified":"2023-01-25T06:29:23+00:00","description":"D\u00e9couvrez nos troph\u00e9es et m\u00e9dailles en bois et plexiglass personnalis\u00e9s avec gravure professionnelle pour c\u00e9l\u00e9brer votre r\u00e9ussite. Demandez un devis !","breadcrumb":{"@id":"https:\/\/multipub.re\/index.php\/produit\/trophees-et-medailles\/#breadcrumb"},"inLanguage":"fr-FR","potentialAction":[{"@type":"ReadAction","target":["https:\/\/multipub.re\/index.php\/produit\/trophees-et-medailles\/"]}]},{"@type":"ImageObject","inLanguage":"fr-FR","@id":"https:\/\/multipub.re\/index.php\/produit\/trophees-et-medailles\/#primaryimage","url":"http:\/\/multipub.re\/wp-content\/uploads\/2022\/12\/WhatsApp-Image-2022-12-22-at-151.48.jpg","contentUrl":"http:\/\/multipub.re\/wp-content\/uploads\/2022\/12\/WhatsApp-Image-2022-12-22-at-151.48.jpg","width":1280,"height":964,"caption":"Troph\u00e9es pour le prix de l'entrepreneuse 2022 en bois et plexiglass"},{"@type":"BreadcrumbList","@id":"https:\/\/multipub.re\/index.php\/produit\/trophees-et-medailles\/#breadcrumb","itemListElement":[{"@type":"ListItem","position":1,"name":"Accueil","item":"https:\/\/multipub.re\/"},{"@type":"ListItem","position":2,"name":"Boutique","item":"https:\/\/multipub.re\/index.php\/boutique\/"},{"@type":"ListItem","position":3,"name":"Troph\u00e9es et m\u00e9dailles"}]},{"@type":"WebSite","@id":"https:\/\/multipub.re\/#website","url":"https:\/\/multipub.re\/","name":"MultiPub.re - Votre partenaire publicitaire \u00e0 la R\u00e9union","description":"Votre partenaire publicitaire","publisher":{"@id":"https:\/\/multipub.re\/#organization"},"potentialAction":[{"@type":"SearchAction","target":{"@type":"EntryPoint","urlTemplate":"https:\/\/multipub.re\/?s={search_term_string}"},"query-input":{"@type":"PropertyValueSpecification","valueRequired":true,"valueName":"search_term_string"}}],"inLanguage":"fr-FR"},{"@type":"Organization","@id":"https:\/\/multipub.re\/#organization","name":"MultiPub.re - Votre partenaire publicitaire \u00e0 la R\u00e9union","url":"https:\/\/multipub.re\/","logo":{"@type":"ImageObject","inLanguage":"fr-FR","@id":"https:\/\/multipub.re\/#\/schema\/logo\/image\/","url":"https:\/\/i0.wp.com\/multipub.re\/wp-content\/uploads\/2022\/06\/logo-couleur-noir.png?fit=261%2C117&ssl=1","contentUrl":"https:\/\/i0.wp.com\/multipub.re\/wp-content\/uploads\/2022\/06\/logo-couleur-noir.png?fit=261%2C117&ssl=1","width":261,"height":117,"caption":"MultiPub.re - Votre partenaire publicitaire \u00e0 la R\u00e9union"},"image":{"@id":"https:\/\/multipub.re\/#\/schema\/logo\/image\/"},"sameAs":["https:\/\/www.facebook.com\/multipub.re","https:\/\/www.instagram.com\/multipub.re"]}]}},"_links":{"self":[{"href":"http:\/\/multipub.re\/index.php\/wp-json\/wp\/v2\/product\/2216","targetHints":{"allow":["GET"]}}],"collection":[{"href":"http:\/\/multipub.re\/index.php\/wp-json\/wp\/v2\/product"}],"about":[{"href":"http:\/\/multipub.re\/index.php\/wp-json\/wp\/v2\/types\/product"}],"wp:featuredmedia":[{"embeddable":true,"href":"http:\/\/multipub.re\/index.php\/wp-json\/wp\/v2\/media\/2693"}],"wp:attachment":[{"href":"http:\/\/multipub.re\/index.php\/wp-json\/wp\/v2\/media?parent=2216"}],"wp:term":[{"taxonomy":"product_brand","embeddable":true,"href":"http:\/\/multipub.re\/index.php\/wp-json\/wp\/v2\/product_brand?post=2216"},{"taxonomy":"product_cat","embeddable":true,"href":"http:\/\/multipub.re\/index.php\/wp-json\/wp\/v2\/product_cat?post=2216"},{"taxonomy":"product_tag","embeddable":true,"href":"http:\/\/multipub.re\/index.php\/wp-json\/wp\/v2\/product_tag?post=2216"}],"curies":[{"name":"wp","href":"https:\/\/api.w.org\/{rel}","templated":true}]}}