{"id":2255,"date":"2022-12-13T08:35:47","date_gmt":"2022-12-13T07:35:47","guid":{"rendered":"https:\/\/multipub.re\/?post_type=product&#038;p=2255"},"modified":"2023-05-22T08:28:48","modified_gmt":"2023-05-22T06:28:48","slug":"logo-en-relief","status":"publish","type":"product","link":"http:\/\/multipub.re\/index.php\/produit\/logo-en-relief\/","title":{"rendered":"Logo en relief"},"content":{"rendered":"<p><strong>Installez votre logo comme un tableau !<\/strong> Dans votre boutique, entreprise ou restaurant, exposez votre identit\u00e9 de la plus belle des mani\u00e8res. En plexiglass d\u00e9coup\u00e9 ou en bois grav\u00e9, avec ou sans couleurs, tout (ou presque) est possible ! Demandez conseil au studio !<\/p>\n<p><strong>Nos logos en relief sont r\u00e9alisables<\/strong> en bois ou en plexiglass ! Nous utilisons des mat\u00e9riaux solides et durables, et des encres r\u00e9sistantes. Le relief ajoute une dimension suppl\u00e9mentaire et un effet visuel saisissant.<\/p>\n<p><strong>Nos logos en relief peuvent \u00eatre utilis\u00e9s<\/strong> pour d\u00e9corer votre entreprise, pour identifier votre marque ou pour ajouter une touche de style \u00e0 vos accessoires. Ils sont disponibles dans une vari\u00e9t\u00e9 de tailles et de formes pour s&rsquo;adapter \u00e0 vos besoins.<\/p>\n<p>Vous voulez un logo en relief en ext\u00e9rieur ?<strong> Optez pour <a href=\"https:\/\/multipub.re\/index.php\/produit\/panneaux-3d\/\">une enseigne en relief !<\/a><\/strong><\/p>\n","protected":false},"excerpt":{"rendered":"<p>On fonce droit dans le mur ?<\/p>\n","protected":false},"featured_media":2256,"template":"","meta":{"site-sidebar-layout":"default","site-content-layout":"default","ast-site-content-layout":"default","site-content-style":"default","site-sidebar-style":"default","ast-global-header-display":"","ast-banner-title-visibility":"","ast-main-header-display":"","ast-hfb-above-header-display":"","ast-hfb-below-header-display":"","ast-hfb-mobile-header-display":"","site-post-title":"","ast-breadcrumbs-content":"","ast-featured-img":"","footer-sml-layout":"","ast-disable-related-posts":"","theme-transparent-header-meta":"default","adv-header-id-meta":"","stick-header-meta":"","header-above-stick-meta":"","header-main-stick-meta":"","header-below-stick-meta":"","astra-migrate-meta-layouts":"default","ast-page-background-enabled":"default","ast-page-background-meta":{"desktop":{"background-color":"var(--ast-global-color-4)","background-image":"","background-repeat":"repeat","background-position":"center center","background-size":"auto","background-attachment":"scroll","background-type":"","background-media":"","overlay-type":"","overlay-color":"","overlay-opacity":"","overlay-gradient":""},"tablet":{"background-color":"","background-image":"","background-repeat":"repeat","background-position":"center center","background-size":"auto","background-attachment":"scroll","background-type":"","background-media":"","overlay-type":"","overlay-color":"","overlay-opacity":"","overlay-gradient":""},"mobile":{"background-color":"","background-image":"","background-repeat":"repeat","background-position":"center center","background-size":"auto","background-attachment":"scroll","background-type":"","background-media":"","overlay-type":"","overlay-color":"","overlay-opacity":"","overlay-gradient":""}},"ast-content-background-meta":{"desktop":{"background-color":"var(--ast-global-color-5)","background-image":"","background-repeat":"repeat","background-position":"center center","background-size":"auto","background-attachment":"scroll","background-type":"","background-media":"","overlay-type":"","overlay-color":"","overlay-opacity":"","overlay-gradient":""},"tablet":{"background-color":"var(--ast-global-color-5)","background-image":"","background-repeat":"repeat","background-position":"center center","background-size":"auto","background-attachment":"scroll","background-type":"","background-media":"","overlay-type":"","overlay-color":"","overlay-opacity":"","overlay-gradient":""},"mobile":{"background-color":"var(--ast-global-color-5)","background-image":"","background-repeat":"repeat","background-position":"center center","background-size":"auto","background-attachment":"scroll","background-type":"","background-media":"","overlay-type":"","overlay-color":"","overlay-opacity":"","overlay-gradient":""}}},"product_brand":[],"product_cat":[31,36,40,41],"product_tag":[],"class_list":{"0":"post-2255","1":"product","2":"type-product","3":"status-publish","4":"has-post-thumbnail","6":"product_cat-enseignes-et-signaletique","7":"product_cat-objets-publicitaires","8":"product_cat-idees-deco","9":"product_cat-decoration-interieure","10":"desktop-align-left","11":"tablet-align-left","12":"mobile-align-left","14":"first","15":"instock","16":"featured","17":"taxable","18":"shipping-taxable","19":"product-type-simple"},"yoast_head":"<!-- This site is optimized with the Yoast SEO plugin v26.7 - https:\/\/yoast.com\/wordpress\/plugins\/seo\/ -->\n<title>Logo en relief - MultiPub.re<\/title>\n<meta name=\"description\" content=\"Cr\u00e9ez votre logo en relief en bois ou en plexiglass pour un effet &quot;wahou&quot; dans votre boutique ! Demandez gratuitement un devis chez MultiPub.re !\" \/>\n<meta name=\"robots\" content=\"index, follow, max-snippet:-1, max-image-preview:large, max-video-preview:-1\" \/>\n<link rel=\"canonical\" href=\"https:\/\/multipub.re\/index.php\/produit\/logo-en-relief\/\" \/>\n<meta property=\"og:locale\" content=\"fr_FR\" \/>\n<meta property=\"og:type\" content=\"article\" \/>\n<meta property=\"og:title\" content=\"Logo en relief - MultiPub.re\" \/>\n<meta property=\"og:description\" content=\"Cr\u00e9ez votre logo en relief en bois ou en plexiglass pour un effet &quot;wahou&quot; dans votre boutique ! Demandez gratuitement un devis chez MultiPub.re !\" \/>\n<meta property=\"og:url\" content=\"https:\/\/multipub.re\/index.php\/produit\/logo-en-relief\/\" \/>\n<meta property=\"og:site_name\" content=\"MultiPub.re\" \/>\n<meta property=\"article:publisher\" content=\"https:\/\/www.facebook.com\/multipub.re\" \/>\n<meta property=\"article:modified_time\" content=\"2023-05-22T06:28:48+00:00\" \/>\n<meta property=\"og:image\" content=\"https:\/\/multipub.re\/wp-content\/uploads\/2022\/12\/318474540_609360744524703_6815250658184356174_n.jpg\" \/>\n\t<meta property=\"og:image:width\" content=\"1536\" \/>\n\t<meta property=\"og:image:height\" content=\"1536\" \/>\n\t<meta property=\"og:image:type\" content=\"image\/jpeg\" \/>\n<meta name=\"twitter:card\" content=\"summary_large_image\" \/>\n<meta name=\"twitter:label1\" content=\"Dur\u00e9e de lecture estim\u00e9e\" \/>\n\t<meta name=\"twitter:data1\" content=\"1 minute\" \/>\n<script type=\"application\/ld+json\" class=\"yoast-schema-graph\">{\"@context\":\"https:\/\/schema.org\",\"@graph\":[{\"@type\":\"WebPage\",\"@id\":\"https:\/\/multipub.re\/index.php\/produit\/logo-en-relief\/\",\"url\":\"https:\/\/multipub.re\/index.php\/produit\/logo-en-relief\/\",\"name\":\"Logo en relief - MultiPub.re\",\"isPartOf\":{\"@id\":\"https:\/\/multipub.re\/#website\"},\"primaryImageOfPage\":{\"@id\":\"https:\/\/multipub.re\/index.php\/produit\/logo-en-relief\/#primaryimage\"},\"image\":{\"@id\":\"https:\/\/multipub.re\/index.php\/produit\/logo-en-relief\/#primaryimage\"},\"thumbnailUrl\":\"http:\/\/multipub.re\/wp-content\/uploads\/2022\/12\/318474540_609360744524703_6815250658184356174_n.jpg\",\"datePublished\":\"2022-12-13T07:35:47+00:00\",\"dateModified\":\"2023-05-22T06:28:48+00:00\",\"description\":\"Cr\u00e9ez votre logo en relief en bois ou en plexiglass pour un effet \\\"wahou\\\" dans votre boutique ! Demandez gratuitement un devis chez MultiPub.re !\",\"breadcrumb\":{\"@id\":\"https:\/\/multipub.re\/index.php\/produit\/logo-en-relief\/#breadcrumb\"},\"inLanguage\":\"fr-FR\",\"potentialAction\":[{\"@type\":\"ReadAction\",\"target\":[\"https:\/\/multipub.re\/index.php\/produit\/logo-en-relief\/\"]}]},{\"@type\":\"ImageObject\",\"inLanguage\":\"fr-FR\",\"@id\":\"https:\/\/multipub.re\/index.php\/produit\/logo-en-relief\/#primaryimage\",\"url\":\"http:\/\/multipub.re\/wp-content\/uploads\/2022\/12\/318474540_609360744524703_6815250658184356174_n.jpg\",\"contentUrl\":\"http:\/\/multipub.re\/wp-content\/uploads\/2022\/12\/318474540_609360744524703_6815250658184356174_n.jpg\",\"width\":1536,\"height\":1536,\"caption\":\"Logo en plexiglass d\u00e9coup\u00e9 par MultiPub.re au Tampon\"},{\"@type\":\"BreadcrumbList\",\"@id\":\"https:\/\/multipub.re\/index.php\/produit\/logo-en-relief\/#breadcrumb\",\"itemListElement\":[{\"@type\":\"ListItem\",\"position\":1,\"name\":\"Accueil\",\"item\":\"https:\/\/multipub.re\/\"},{\"@type\":\"ListItem\",\"position\":2,\"name\":\"Boutique\",\"item\":\"https:\/\/multipub.re\/index.php\/boutique\/\"},{\"@type\":\"ListItem\",\"position\":3,\"name\":\"Logo en relief\"}]},{\"@type\":\"WebSite\",\"@id\":\"https:\/\/multipub.re\/#website\",\"url\":\"https:\/\/multipub.re\/\",\"name\":\"MultiPub.re - Votre partenaire publicitaire \u00e0 la R\u00e9union\",\"description\":\"Votre partenaire publicitaire\",\"publisher\":{\"@id\":\"https:\/\/multipub.re\/#organization\"},\"potentialAction\":[{\"@type\":\"SearchAction\",\"target\":{\"@type\":\"EntryPoint\",\"urlTemplate\":\"https:\/\/multipub.re\/?s={search_term_string}\"},\"query-input\":{\"@type\":\"PropertyValueSpecification\",\"valueRequired\":true,\"valueName\":\"search_term_string\"}}],\"inLanguage\":\"fr-FR\"},{\"@type\":\"Organization\",\"@id\":\"https:\/\/multipub.re\/#organization\",\"name\":\"MultiPub.re - Votre partenaire publicitaire \u00e0 la R\u00e9union\",\"url\":\"https:\/\/multipub.re\/\",\"logo\":{\"@type\":\"ImageObject\",\"inLanguage\":\"fr-FR\",\"@id\":\"https:\/\/multipub.re\/#\/schema\/logo\/image\/\",\"url\":\"https:\/\/i0.wp.com\/multipub.re\/wp-content\/uploads\/2022\/06\/logo-couleur-noir.png?fit=261%2C117&ssl=1\",\"contentUrl\":\"https:\/\/i0.wp.com\/multipub.re\/wp-content\/uploads\/2022\/06\/logo-couleur-noir.png?fit=261%2C117&ssl=1\",\"width\":261,\"height\":117,\"caption\":\"MultiPub.re - Votre partenaire publicitaire \u00e0 la R\u00e9union\"},\"image\":{\"@id\":\"https:\/\/multipub.re\/#\/schema\/logo\/image\/\"},\"sameAs\":[\"https:\/\/www.facebook.com\/multipub.re\",\"https:\/\/www.instagram.com\/multipub.re\"]}]}<\/script>\n<!-- \/ Yoast SEO plugin. -->","yoast_head_json":{"title":"Logo en relief - MultiPub.re","description":"Cr\u00e9ez votre logo en relief en bois ou en plexiglass pour un effet \"wahou\" dans votre boutique ! Demandez gratuitement un devis chez MultiPub.re !","robots":{"index":"index","follow":"follow","max-snippet":"max-snippet:-1","max-image-preview":"max-image-preview:large","max-video-preview":"max-video-preview:-1"},"canonical":"https:\/\/multipub.re\/index.php\/produit\/logo-en-relief\/","og_locale":"fr_FR","og_type":"article","og_title":"Logo en relief - MultiPub.re","og_description":"Cr\u00e9ez votre logo en relief en bois ou en plexiglass pour un effet \"wahou\" dans votre boutique ! Demandez gratuitement un devis chez MultiPub.re !","og_url":"https:\/\/multipub.re\/index.php\/produit\/logo-en-relief\/","og_site_name":"MultiPub.re","article_publisher":"https:\/\/www.facebook.com\/multipub.re","article_modified_time":"2023-05-22T06:28:48+00:00","og_image":[{"width":1536,"height":1536,"url":"https:\/\/multipub.re\/wp-content\/uploads\/2022\/12\/318474540_609360744524703_6815250658184356174_n.jpg","type":"image\/jpeg"}],"twitter_card":"summary_large_image","twitter_misc":{"Dur\u00e9e de lecture estim\u00e9e":"1 minute"},"schema":{"@context":"https:\/\/schema.org","@graph":[{"@type":"WebPage","@id":"https:\/\/multipub.re\/index.php\/produit\/logo-en-relief\/","url":"https:\/\/multipub.re\/index.php\/produit\/logo-en-relief\/","name":"Logo en relief - MultiPub.re","isPartOf":{"@id":"https:\/\/multipub.re\/#website"},"primaryImageOfPage":{"@id":"https:\/\/multipub.re\/index.php\/produit\/logo-en-relief\/#primaryimage"},"image":{"@id":"https:\/\/multipub.re\/index.php\/produit\/logo-en-relief\/#primaryimage"},"thumbnailUrl":"http:\/\/multipub.re\/wp-content\/uploads\/2022\/12\/318474540_609360744524703_6815250658184356174_n.jpg","datePublished":"2022-12-13T07:35:47+00:00","dateModified":"2023-05-22T06:28:48+00:00","description":"Cr\u00e9ez votre logo en relief en bois ou en plexiglass pour un effet \"wahou\" dans votre boutique ! Demandez gratuitement un devis chez MultiPub.re !","breadcrumb":{"@id":"https:\/\/multipub.re\/index.php\/produit\/logo-en-relief\/#breadcrumb"},"inLanguage":"fr-FR","potentialAction":[{"@type":"ReadAction","target":["https:\/\/multipub.re\/index.php\/produit\/logo-en-relief\/"]}]},{"@type":"ImageObject","inLanguage":"fr-FR","@id":"https:\/\/multipub.re\/index.php\/produit\/logo-en-relief\/#primaryimage","url":"http:\/\/multipub.re\/wp-content\/uploads\/2022\/12\/318474540_609360744524703_6815250658184356174_n.jpg","contentUrl":"http:\/\/multipub.re\/wp-content\/uploads\/2022\/12\/318474540_609360744524703_6815250658184356174_n.jpg","width":1536,"height":1536,"caption":"Logo en plexiglass d\u00e9coup\u00e9 par MultiPub.re au Tampon"},{"@type":"BreadcrumbList","@id":"https:\/\/multipub.re\/index.php\/produit\/logo-en-relief\/#breadcrumb","itemListElement":[{"@type":"ListItem","position":1,"name":"Accueil","item":"https:\/\/multipub.re\/"},{"@type":"ListItem","position":2,"name":"Boutique","item":"https:\/\/multipub.re\/index.php\/boutique\/"},{"@type":"ListItem","position":3,"name":"Logo en relief"}]},{"@type":"WebSite","@id":"https:\/\/multipub.re\/#website","url":"https:\/\/multipub.re\/","name":"MultiPub.re - Votre partenaire publicitaire \u00e0 la R\u00e9union","description":"Votre partenaire publicitaire","publisher":{"@id":"https:\/\/multipub.re\/#organization"},"potentialAction":[{"@type":"SearchAction","target":{"@type":"EntryPoint","urlTemplate":"https:\/\/multipub.re\/?s={search_term_string}"},"query-input":{"@type":"PropertyValueSpecification","valueRequired":true,"valueName":"search_term_string"}}],"inLanguage":"fr-FR"},{"@type":"Organization","@id":"https:\/\/multipub.re\/#organization","name":"MultiPub.re - Votre partenaire publicitaire \u00e0 la R\u00e9union","url":"https:\/\/multipub.re\/","logo":{"@type":"ImageObject","inLanguage":"fr-FR","@id":"https:\/\/multipub.re\/#\/schema\/logo\/image\/","url":"https:\/\/i0.wp.com\/multipub.re\/wp-content\/uploads\/2022\/06\/logo-couleur-noir.png?fit=261%2C117&ssl=1","contentUrl":"https:\/\/i0.wp.com\/multipub.re\/wp-content\/uploads\/2022\/06\/logo-couleur-noir.png?fit=261%2C117&ssl=1","width":261,"height":117,"caption":"MultiPub.re - Votre partenaire publicitaire \u00e0 la R\u00e9union"},"image":{"@id":"https:\/\/multipub.re\/#\/schema\/logo\/image\/"},"sameAs":["https:\/\/www.facebook.com\/multipub.re","https:\/\/www.instagram.com\/multipub.re"]}]}},"_links":{"self":[{"href":"http:\/\/multipub.re\/index.php\/wp-json\/wp\/v2\/product\/2255","targetHints":{"allow":["GET"]}}],"collection":[{"href":"http:\/\/multipub.re\/index.php\/wp-json\/wp\/v2\/product"}],"about":[{"href":"http:\/\/multipub.re\/index.php\/wp-json\/wp\/v2\/types\/product"}],"wp:featuredmedia":[{"embeddable":true,"href":"http:\/\/multipub.re\/index.php\/wp-json\/wp\/v2\/media\/2256"}],"wp:attachment":[{"href":"http:\/\/multipub.re\/index.php\/wp-json\/wp\/v2\/media?parent=2255"}],"wp:term":[{"taxonomy":"product_brand","embeddable":true,"href":"http:\/\/multipub.re\/index.php\/wp-json\/wp\/v2\/product_brand?post=2255"},{"taxonomy":"product_cat","embeddable":true,"href":"http:\/\/multipub.re\/index.php\/wp-json\/wp\/v2\/product_cat?post=2255"},{"taxonomy":"product_tag","embeddable":true,"href":"http:\/\/multipub.re\/index.php\/wp-json\/wp\/v2\/product_tag?post=2255"}],"curies":[{"name":"wp","href":"https:\/\/api.w.org\/{rel}","templated":true}]}}