{"id":2263,"date":"2022-12-13T08:41:25","date_gmt":"2022-12-13T07:41:25","guid":{"rendered":"https:\/\/multipub.re\/?post_type=product&#038;p=2263"},"modified":"2023-05-22T08:20:37","modified_gmt":"2023-05-22T06:20:37","slug":"petits-carnets","status":"publish","type":"product","link":"http:\/\/multipub.re\/index.php\/produit\/petits-carnets\/","title":{"rendered":"Carnets de notes"},"content":{"rendered":"<p><strong>Nos petits carnets de notes personnalisables sont disponibles !<\/strong> Passez au studio voir nos mod\u00e8les et nos couleurs ! Nous pouvons personnaliser la premi\u00e8re et la quatri\u00e8me de couverture. Nous avons m\u00eame un mod\u00e8le avec stylo int\u00e9gr\u00e9 !<\/p>\n<p><strong>La couverture est en carton rigide,<\/strong> ce qui permet de prot\u00e9ger les feuilles int\u00e9rieures et de donner une apparence professionnelle au bloc-notes. La surface lisse et brillante de la couverture est id\u00e9ale pour ajouter une touche personnelle avec le message ou le design de votre choix.<\/p>\n<p><strong>Nos petits bloc-notes sont \u00e9galement pratiques et polyvalents.<\/strong> Fabriqu\u00e9s avec une bande \u00e9lastique pour maintenir les feuilles en place, ils peuvent \u00eatre utilis\u00e9s comme bloc-notes, carnet de notes ou journal. C&rsquo;est parfaits pour prendre des notes, faire des listes ou \u00e9crire des id\u00e9es !<\/p>\n<p><strong>Quel format ?<\/strong> Choisissez le format de poche (A6), celui d&rsquo;un livre (A5) ou d&rsquo;un magazine (A4).<\/p>\n","protected":false},"excerpt":{"rendered":"<p>Faites la Une de vos notes !<\/p>\n","protected":false},"featured_media":2264,"template":"","meta":{"site-sidebar-layout":"default","site-content-layout":"default","ast-site-content-layout":"default","site-content-style":"default","site-sidebar-style":"default","ast-global-header-display":"","ast-banner-title-visibility":"","ast-main-header-display":"","ast-hfb-above-header-display":"","ast-hfb-below-header-display":"","ast-hfb-mobile-header-display":"","site-post-title":"","ast-breadcrumbs-content":"","ast-featured-img":"","footer-sml-layout":"","ast-disable-related-posts":"","theme-transparent-header-meta":"default","adv-header-id-meta":"","stick-header-meta":"","header-above-stick-meta":"","header-main-stick-meta":"","header-below-stick-meta":"","astra-migrate-meta-layouts":"default","ast-page-background-enabled":"default","ast-page-background-meta":{"desktop":{"background-color":"var(--ast-global-color-4)","background-image":"","background-repeat":"repeat","background-position":"center center","background-size":"auto","background-attachment":"scroll","background-type":"","background-media":"","overlay-type":"","overlay-color":"","overlay-opacity":"","overlay-gradient":""},"tablet":{"background-color":"","background-image":"","background-repeat":"repeat","background-position":"center center","background-size":"auto","background-attachment":"scroll","background-type":"","background-media":"","overlay-type":"","overlay-color":"","overlay-opacity":"","overlay-gradient":""},"mobile":{"background-color":"","background-image":"","background-repeat":"repeat","background-position":"center center","background-size":"auto","background-attachment":"scroll","background-type":"","background-media":"","overlay-type":"","overlay-color":"","overlay-opacity":"","overlay-gradient":""}},"ast-content-background-meta":{"desktop":{"background-color":"var(--ast-global-color-5)","background-image":"","background-repeat":"repeat","background-position":"center center","background-size":"auto","background-attachment":"scroll","background-type":"","background-media":"","overlay-type":"","overlay-color":"","overlay-opacity":"","overlay-gradient":""},"tablet":{"background-color":"var(--ast-global-color-5)","background-image":"","background-repeat":"repeat","background-position":"center center","background-size":"auto","background-attachment":"scroll","background-type":"","background-media":"","overlay-type":"","overlay-color":"","overlay-opacity":"","overlay-gradient":""},"mobile":{"background-color":"var(--ast-global-color-5)","background-image":"","background-repeat":"repeat","background-position":"center center","background-size":"auto","background-attachment":"scroll","background-type":"","background-media":"","overlay-type":"","overlay-color":"","overlay-opacity":"","overlay-gradient":""}}},"product_brand":[],"product_cat":[36],"product_tag":[],"class_list":{"0":"post-2263","1":"product","2":"type-product","3":"status-publish","4":"has-post-thumbnail","6":"product_cat-objets-publicitaires","7":"desktop-align-left","8":"tablet-align-left","9":"mobile-align-left","11":"first","12":"instock","13":"featured","14":"taxable","15":"shipping-taxable","16":"product-type-simple"},"yoast_head":"<!-- This site is optimized with the Yoast SEO plugin v26.7 - https:\/\/yoast.com\/wordpress\/plugins\/seo\/ -->\n<title>Carnets de notes - MultiPub.re<\/title>\n<meta name=\"description\" content=\"Petits bloc-notes en papier avec une couverture en carton rigide personnalisable. Parfait pour prendre des notes, faire des listes ou \u00e9crire des id\u00e9es.\" \/>\n<meta name=\"robots\" content=\"index, follow, max-snippet:-1, max-image-preview:large, max-video-preview:-1\" \/>\n<link rel=\"canonical\" href=\"http:\/\/multipub.re\/index.php\/produit\/petits-carnets\/\" \/>\n<meta property=\"og:locale\" content=\"fr_FR\" \/>\n<meta property=\"og:type\" content=\"article\" \/>\n<meta property=\"og:title\" content=\"Carnets de notes - MultiPub.re\" \/>\n<meta property=\"og:description\" content=\"Petits bloc-notes en papier avec une couverture en carton rigide personnalisable. Parfait pour prendre des notes, faire des listes ou \u00e9crire des id\u00e9es.\" \/>\n<meta property=\"og:url\" content=\"http:\/\/multipub.re\/index.php\/produit\/petits-carnets\/\" \/>\n<meta property=\"og:site_name\" content=\"MultiPub.re\" \/>\n<meta property=\"article:publisher\" content=\"https:\/\/www.facebook.com\/multipub.re\" \/>\n<meta property=\"article:modified_time\" content=\"2023-05-22T06:20:37+00:00\" \/>\n<meta property=\"og:image\" content=\"http:\/\/multipub.re\/wp-content\/uploads\/2022\/12\/297817180_5293714277345123_5378434073175978159_n.jpg\" \/>\n\t<meta property=\"og:image:width\" content=\"1536\" \/>\n\t<meta property=\"og:image:height\" content=\"2048\" \/>\n\t<meta property=\"og:image:type\" content=\"image\/jpeg\" \/>\n<meta name=\"twitter:card\" content=\"summary_large_image\" \/>\n<meta name=\"twitter:label1\" content=\"Dur\u00e9e de lecture estim\u00e9e\" \/>\n\t<meta name=\"twitter:data1\" content=\"1 minute\" \/>\n<script type=\"application\/ld+json\" class=\"yoast-schema-graph\">{\"@context\":\"https:\/\/schema.org\",\"@graph\":[{\"@type\":\"WebPage\",\"@id\":\"http:\/\/multipub.re\/index.php\/produit\/petits-carnets\/\",\"url\":\"http:\/\/multipub.re\/index.php\/produit\/petits-carnets\/\",\"name\":\"Carnets de notes - MultiPub.re\",\"isPartOf\":{\"@id\":\"https:\/\/multipub.re\/#website\"},\"primaryImageOfPage\":{\"@id\":\"http:\/\/multipub.re\/index.php\/produit\/petits-carnets\/#primaryimage\"},\"image\":{\"@id\":\"http:\/\/multipub.re\/index.php\/produit\/petits-carnets\/#primaryimage\"},\"thumbnailUrl\":\"http:\/\/multipub.re\/wp-content\/uploads\/2022\/12\/297817180_5293714277345123_5378434073175978159_n.jpg\",\"datePublished\":\"2022-12-13T07:41:25+00:00\",\"dateModified\":\"2023-05-22T06:20:37+00:00\",\"description\":\"Petits bloc-notes en papier avec une couverture en carton rigide personnalisable. Parfait pour prendre des notes, faire des listes ou \u00e9crire des id\u00e9es.\",\"breadcrumb\":{\"@id\":\"http:\/\/multipub.re\/index.php\/produit\/petits-carnets\/#breadcrumb\"},\"inLanguage\":\"fr-FR\",\"potentialAction\":[{\"@type\":\"ReadAction\",\"target\":[\"http:\/\/multipub.re\/index.php\/produit\/petits-carnets\/\"]}]},{\"@type\":\"ImageObject\",\"inLanguage\":\"fr-FR\",\"@id\":\"http:\/\/multipub.re\/index.php\/produit\/petits-carnets\/#primaryimage\",\"url\":\"http:\/\/multipub.re\/wp-content\/uploads\/2022\/12\/297817180_5293714277345123_5378434073175978159_n.jpg\",\"contentUrl\":\"http:\/\/multipub.re\/wp-content\/uploads\/2022\/12\/297817180_5293714277345123_5378434073175978159_n.jpg\",\"width\":1536,\"height\":2048,\"caption\":\"Petit carnet personnalis\u00e9 avec stylo et couverture cartonn\u00e9e\"},{\"@type\":\"BreadcrumbList\",\"@id\":\"http:\/\/multipub.re\/index.php\/produit\/petits-carnets\/#breadcrumb\",\"itemListElement\":[{\"@type\":\"ListItem\",\"position\":1,\"name\":\"Accueil\",\"item\":\"https:\/\/multipub.re\/\"},{\"@type\":\"ListItem\",\"position\":2,\"name\":\"Boutique\",\"item\":\"https:\/\/multipub.re\/index.php\/boutique\/\"},{\"@type\":\"ListItem\",\"position\":3,\"name\":\"Carnets de notes\"}]},{\"@type\":\"WebSite\",\"@id\":\"https:\/\/multipub.re\/#website\",\"url\":\"https:\/\/multipub.re\/\",\"name\":\"MultiPub.re - Votre partenaire publicitaire \u00e0 la R\u00e9union\",\"description\":\"Votre partenaire publicitaire\",\"publisher\":{\"@id\":\"https:\/\/multipub.re\/#organization\"},\"potentialAction\":[{\"@type\":\"SearchAction\",\"target\":{\"@type\":\"EntryPoint\",\"urlTemplate\":\"https:\/\/multipub.re\/?s={search_term_string}\"},\"query-input\":{\"@type\":\"PropertyValueSpecification\",\"valueRequired\":true,\"valueName\":\"search_term_string\"}}],\"inLanguage\":\"fr-FR\"},{\"@type\":\"Organization\",\"@id\":\"https:\/\/multipub.re\/#organization\",\"name\":\"MultiPub.re - Votre partenaire publicitaire \u00e0 la R\u00e9union\",\"url\":\"https:\/\/multipub.re\/\",\"logo\":{\"@type\":\"ImageObject\",\"inLanguage\":\"fr-FR\",\"@id\":\"https:\/\/multipub.re\/#\/schema\/logo\/image\/\",\"url\":\"https:\/\/i0.wp.com\/multipub.re\/wp-content\/uploads\/2022\/06\/logo-couleur-noir.png?fit=261%2C117&ssl=1\",\"contentUrl\":\"https:\/\/i0.wp.com\/multipub.re\/wp-content\/uploads\/2022\/06\/logo-couleur-noir.png?fit=261%2C117&ssl=1\",\"width\":261,\"height\":117,\"caption\":\"MultiPub.re - Votre partenaire publicitaire \u00e0 la R\u00e9union\"},\"image\":{\"@id\":\"https:\/\/multipub.re\/#\/schema\/logo\/image\/\"},\"sameAs\":[\"https:\/\/www.facebook.com\/multipub.re\",\"https:\/\/www.instagram.com\/multipub.re\"]}]}<\/script>\n<!-- \/ Yoast SEO plugin. -->","yoast_head_json":{"title":"Carnets de notes - MultiPub.re","description":"Petits bloc-notes en papier avec une couverture en carton rigide personnalisable. Parfait pour prendre des notes, faire des listes ou \u00e9crire des id\u00e9es.","robots":{"index":"index","follow":"follow","max-snippet":"max-snippet:-1","max-image-preview":"max-image-preview:large","max-video-preview":"max-video-preview:-1"},"canonical":"http:\/\/multipub.re\/index.php\/produit\/petits-carnets\/","og_locale":"fr_FR","og_type":"article","og_title":"Carnets de notes - MultiPub.re","og_description":"Petits bloc-notes en papier avec une couverture en carton rigide personnalisable. Parfait pour prendre des notes, faire des listes ou \u00e9crire des id\u00e9es.","og_url":"http:\/\/multipub.re\/index.php\/produit\/petits-carnets\/","og_site_name":"MultiPub.re","article_publisher":"https:\/\/www.facebook.com\/multipub.re","article_modified_time":"2023-05-22T06:20:37+00:00","og_image":[{"width":1536,"height":2048,"url":"http:\/\/multipub.re\/wp-content\/uploads\/2022\/12\/297817180_5293714277345123_5378434073175978159_n.jpg","type":"image\/jpeg"}],"twitter_card":"summary_large_image","twitter_misc":{"Dur\u00e9e de lecture estim\u00e9e":"1 minute"},"schema":{"@context":"https:\/\/schema.org","@graph":[{"@type":"WebPage","@id":"http:\/\/multipub.re\/index.php\/produit\/petits-carnets\/","url":"http:\/\/multipub.re\/index.php\/produit\/petits-carnets\/","name":"Carnets de notes - MultiPub.re","isPartOf":{"@id":"https:\/\/multipub.re\/#website"},"primaryImageOfPage":{"@id":"http:\/\/multipub.re\/index.php\/produit\/petits-carnets\/#primaryimage"},"image":{"@id":"http:\/\/multipub.re\/index.php\/produit\/petits-carnets\/#primaryimage"},"thumbnailUrl":"http:\/\/multipub.re\/wp-content\/uploads\/2022\/12\/297817180_5293714277345123_5378434073175978159_n.jpg","datePublished":"2022-12-13T07:41:25+00:00","dateModified":"2023-05-22T06:20:37+00:00","description":"Petits bloc-notes en papier avec une couverture en carton rigide personnalisable. Parfait pour prendre des notes, faire des listes ou \u00e9crire des id\u00e9es.","breadcrumb":{"@id":"http:\/\/multipub.re\/index.php\/produit\/petits-carnets\/#breadcrumb"},"inLanguage":"fr-FR","potentialAction":[{"@type":"ReadAction","target":["http:\/\/multipub.re\/index.php\/produit\/petits-carnets\/"]}]},{"@type":"ImageObject","inLanguage":"fr-FR","@id":"http:\/\/multipub.re\/index.php\/produit\/petits-carnets\/#primaryimage","url":"http:\/\/multipub.re\/wp-content\/uploads\/2022\/12\/297817180_5293714277345123_5378434073175978159_n.jpg","contentUrl":"http:\/\/multipub.re\/wp-content\/uploads\/2022\/12\/297817180_5293714277345123_5378434073175978159_n.jpg","width":1536,"height":2048,"caption":"Petit carnet personnalis\u00e9 avec stylo et couverture cartonn\u00e9e"},{"@type":"BreadcrumbList","@id":"http:\/\/multipub.re\/index.php\/produit\/petits-carnets\/#breadcrumb","itemListElement":[{"@type":"ListItem","position":1,"name":"Accueil","item":"https:\/\/multipub.re\/"},{"@type":"ListItem","position":2,"name":"Boutique","item":"https:\/\/multipub.re\/index.php\/boutique\/"},{"@type":"ListItem","position":3,"name":"Carnets de notes"}]},{"@type":"WebSite","@id":"https:\/\/multipub.re\/#website","url":"https:\/\/multipub.re\/","name":"MultiPub.re - Votre partenaire publicitaire \u00e0 la R\u00e9union","description":"Votre partenaire publicitaire","publisher":{"@id":"https:\/\/multipub.re\/#organization"},"potentialAction":[{"@type":"SearchAction","target":{"@type":"EntryPoint","urlTemplate":"https:\/\/multipub.re\/?s={search_term_string}"},"query-input":{"@type":"PropertyValueSpecification","valueRequired":true,"valueName":"search_term_string"}}],"inLanguage":"fr-FR"},{"@type":"Organization","@id":"https:\/\/multipub.re\/#organization","name":"MultiPub.re - Votre partenaire publicitaire \u00e0 la R\u00e9union","url":"https:\/\/multipub.re\/","logo":{"@type":"ImageObject","inLanguage":"fr-FR","@id":"https:\/\/multipub.re\/#\/schema\/logo\/image\/","url":"https:\/\/i0.wp.com\/multipub.re\/wp-content\/uploads\/2022\/06\/logo-couleur-noir.png?fit=261%2C117&ssl=1","contentUrl":"https:\/\/i0.wp.com\/multipub.re\/wp-content\/uploads\/2022\/06\/logo-couleur-noir.png?fit=261%2C117&ssl=1","width":261,"height":117,"caption":"MultiPub.re - Votre partenaire publicitaire \u00e0 la R\u00e9union"},"image":{"@id":"https:\/\/multipub.re\/#\/schema\/logo\/image\/"},"sameAs":["https:\/\/www.facebook.com\/multipub.re","https:\/\/www.instagram.com\/multipub.re"]}]}},"_links":{"self":[{"href":"http:\/\/multipub.re\/index.php\/wp-json\/wp\/v2\/product\/2263","targetHints":{"allow":["GET"]}}],"collection":[{"href":"http:\/\/multipub.re\/index.php\/wp-json\/wp\/v2\/product"}],"about":[{"href":"http:\/\/multipub.re\/index.php\/wp-json\/wp\/v2\/types\/product"}],"wp:featuredmedia":[{"embeddable":true,"href":"http:\/\/multipub.re\/index.php\/wp-json\/wp\/v2\/media\/2264"}],"wp:attachment":[{"href":"http:\/\/multipub.re\/index.php\/wp-json\/wp\/v2\/media?parent=2263"}],"wp:term":[{"taxonomy":"product_brand","embeddable":true,"href":"http:\/\/multipub.re\/index.php\/wp-json\/wp\/v2\/product_brand?post=2263"},{"taxonomy":"product_cat","embeddable":true,"href":"http:\/\/multipub.re\/index.php\/wp-json\/wp\/v2\/product_cat?post=2263"},{"taxonomy":"product_tag","embeddable":true,"href":"http:\/\/multipub.re\/index.php\/wp-json\/wp\/v2\/product_tag?post=2263"}],"curies":[{"name":"wp","href":"https:\/\/api.w.org\/{rel}","templated":true}]}}