{"id":308,"date":"2022-07-16T07:07:37","date_gmt":"2022-07-16T05:07:37","guid":{"rendered":"http:\/\/eadinhv.cluster030.hosting.ovh.net\/?post_type=product&#038;p=308"},"modified":"2023-05-22T09:16:46","modified_gmt":"2023-05-22T07:16:46","slug":"etiquettes-et-autocollants","status":"publish","type":"product","link":"http:\/\/multipub.re\/index.php\/produit\/etiquettes-et-autocollants\/","title":{"rendered":"Stickers \/ autocollants"},"content":{"rendered":"<p><strong>Besoin de stickers, d&rsquo;\u00e9tiquettes ou d&rsquo;autocollants ?<\/strong> Que vous ayez besoin de plein de petits stickers ou de quelques grands autocollants, on s&rsquo;en occupe ! Envoyez-nous votre fichier, logo ou mod\u00e8le \u00e0 imprimer, choisissez la quantit\u00e9 et la taille&#8230; et c&rsquo;est parti ! A coller sur n&rsquo;importe quelle surface lisse et plane ! <strong>Vous h\u00e9sitez entre plusieurs tailles ?<\/strong> Variez les plaisirs et les dimensions ! Nos devis sont toujours faits sur-mesure, selon vos demandes et vos besoins !<\/p>\n<p><strong>Comment obtenir le meilleur tarif ?<\/strong> Nous proposons un tarif \u00ab\u00a0\u00e9co\u00a0\u00bb pour les commandes pass\u00e9es au m\u00e8tre carr\u00e9 imprim\u00e9. Choisissez le nombre de m\u00e8tre carr\u00e9s \u00e0 imprimer, et d\u00e9pensez malin !<\/p>\n<p><strong>Envie d&rsquo;une tenue longue dur\u00e9e ?<\/strong> Demandez une protection anti-UV pour \u00e9viter les coups de soleil !<\/p>\n","protected":false},"excerpt":{"rendered":"<p>On s&rsquo;y colle ?<\/p>\n","protected":false},"featured_media":789,"template":"","meta":{"site-sidebar-layout":"default","site-content-layout":"default","ast-site-content-layout":"default","site-content-style":"default","site-sidebar-style":"default","ast-global-header-display":"","ast-banner-title-visibility":"","ast-main-header-display":"","ast-hfb-above-header-display":"","ast-hfb-below-header-display":"","ast-hfb-mobile-header-display":"","site-post-title":"","ast-breadcrumbs-content":"","ast-featured-img":"","footer-sml-layout":"","ast-disable-related-posts":"","theme-transparent-header-meta":"default","adv-header-id-meta":"","stick-header-meta":"","header-above-stick-meta":"","header-main-stick-meta":"","header-below-stick-meta":"","astra-migrate-meta-layouts":"default","ast-page-background-enabled":"default","ast-page-background-meta":{"desktop":{"background-color":"var(--ast-global-color-4)","background-image":"","background-repeat":"repeat","background-position":"center center","background-size":"auto","background-attachment":"scroll","background-type":"","background-media":"","overlay-type":"","overlay-color":"","overlay-opacity":"","overlay-gradient":""},"tablet":{"background-color":"","background-image":"","background-repeat":"repeat","background-position":"center center","background-size":"auto","background-attachment":"scroll","background-type":"","background-media":"","overlay-type":"","overlay-color":"","overlay-opacity":"","overlay-gradient":""},"mobile":{"background-color":"","background-image":"","background-repeat":"repeat","background-position":"center center","background-size":"auto","background-attachment":"scroll","background-type":"","background-media":"","overlay-type":"","overlay-color":"","overlay-opacity":"","overlay-gradient":""}},"ast-content-background-meta":{"desktop":{"background-color":"var(--ast-global-color-5)","background-image":"","background-repeat":"repeat","background-position":"center center","background-size":"auto","background-attachment":"scroll","background-type":"","background-media":"","overlay-type":"","overlay-color":"","overlay-opacity":"","overlay-gradient":""},"tablet":{"background-color":"var(--ast-global-color-5)","background-image":"","background-repeat":"repeat","background-position":"center center","background-size":"auto","background-attachment":"scroll","background-type":"","background-media":"","overlay-type":"","overlay-color":"","overlay-opacity":"","overlay-gradient":""},"mobile":{"background-color":"var(--ast-global-color-5)","background-image":"","background-repeat":"repeat","background-position":"center center","background-size":"auto","background-attachment":"scroll","background-type":"","background-media":"","overlay-type":"","overlay-color":"","overlay-opacity":"","overlay-gradient":""}}},"product_brand":[],"product_cat":[33],"product_tag":[],"class_list":{"0":"post-308","1":"product","2":"type-product","3":"status-publish","4":"has-post-thumbnail","6":"product_cat-imprimerie-et-papeterie","7":"desktop-align-left","8":"tablet-align-left","9":"mobile-align-left","11":"first","12":"instock","13":"taxable","14":"shipping-taxable","15":"product-type-simple"},"yoast_head":"<!-- This site is optimized with the Yoast SEO plugin v26.7 - https:\/\/yoast.com\/wordpress\/plugins\/seo\/ -->\n<title>Stickers \/ autocollants - MultiPub.re<\/title>\n<meta name=\"description\" content=\"Commandez la quantit\u00e9 id\u00e9ale de stickers pour tous types d&#039;usages ! Etiquettes de packaging, stickers sauvages... Personnalisez votre commande sans attendre\" \/>\n<meta name=\"robots\" content=\"index, follow, max-snippet:-1, max-image-preview:large, max-video-preview:-1\" \/>\n<link rel=\"canonical\" href=\"https:\/\/multipub.re\/index.php\/produit\/etiquettes-et-autocollants\/\" \/>\n<meta property=\"og:locale\" content=\"fr_FR\" \/>\n<meta property=\"og:type\" content=\"article\" \/>\n<meta property=\"og:title\" content=\"Stickers \/ autocollants - MultiPub.re\" \/>\n<meta property=\"og:description\" content=\"Commandez la quantit\u00e9 id\u00e9ale de stickers pour tous types d&#039;usages ! Etiquettes de packaging, stickers sauvages... Personnalisez votre commande sans attendre\" \/>\n<meta property=\"og:url\" content=\"https:\/\/multipub.re\/index.php\/produit\/etiquettes-et-autocollants\/\" \/>\n<meta property=\"og:site_name\" content=\"MultiPub.re\" \/>\n<meta property=\"article:publisher\" content=\"https:\/\/www.facebook.com\/multipub.re\" \/>\n<meta property=\"article:modified_time\" content=\"2023-05-22T07:16:46+00:00\" \/>\n<meta property=\"og:image\" content=\"https:\/\/multipub.re\/wp-content\/uploads\/2022\/07\/2020-12-08_15-19-29_190-scaled.jpg\" \/>\n\t<meta property=\"og:image:width\" content=\"1916\" \/>\n\t<meta property=\"og:image:height\" content=\"2560\" \/>\n\t<meta property=\"og:image:type\" content=\"image\/jpeg\" \/>\n<meta name=\"twitter:card\" content=\"summary_large_image\" \/>\n<meta name=\"twitter:label1\" content=\"Dur\u00e9e de lecture estim\u00e9e\" \/>\n\t<meta name=\"twitter:data1\" content=\"1 minute\" \/>\n<script type=\"application\/ld+json\" class=\"yoast-schema-graph\">{\"@context\":\"https:\/\/schema.org\",\"@graph\":[{\"@type\":\"WebPage\",\"@id\":\"https:\/\/multipub.re\/index.php\/produit\/etiquettes-et-autocollants\/\",\"url\":\"https:\/\/multipub.re\/index.php\/produit\/etiquettes-et-autocollants\/\",\"name\":\"Stickers \/ autocollants - MultiPub.re\",\"isPartOf\":{\"@id\":\"http:\/\/multipub.re\/#website\"},\"primaryImageOfPage\":{\"@id\":\"https:\/\/multipub.re\/index.php\/produit\/etiquettes-et-autocollants\/#primaryimage\"},\"image\":{\"@id\":\"https:\/\/multipub.re\/index.php\/produit\/etiquettes-et-autocollants\/#primaryimage\"},\"thumbnailUrl\":\"http:\/\/multipub.re\/wp-content\/uploads\/2022\/07\/2020-12-08_15-19-29_190-scaled.jpg\",\"datePublished\":\"2022-07-16T05:07:37+00:00\",\"dateModified\":\"2023-05-22T07:16:46+00:00\",\"description\":\"Commandez la quantit\u00e9 id\u00e9ale de stickers pour tous types d'usages ! Etiquettes de packaging, stickers sauvages... Personnalisez votre commande sans attendre\",\"breadcrumb\":{\"@id\":\"https:\/\/multipub.re\/index.php\/produit\/etiquettes-et-autocollants\/#breadcrumb\"},\"inLanguage\":\"fr-FR\",\"potentialAction\":[{\"@type\":\"ReadAction\",\"target\":[\"https:\/\/multipub.re\/index.php\/produit\/etiquettes-et-autocollants\/\"]}]},{\"@type\":\"ImageObject\",\"inLanguage\":\"fr-FR\",\"@id\":\"https:\/\/multipub.re\/index.php\/produit\/etiquettes-et-autocollants\/#primaryimage\",\"url\":\"http:\/\/multipub.re\/wp-content\/uploads\/2022\/07\/2020-12-08_15-19-29_190-scaled.jpg\",\"contentUrl\":\"http:\/\/multipub.re\/wp-content\/uploads\/2022\/07\/2020-12-08_15-19-29_190-scaled.jpg\",\"width\":1916,\"height\":2560,\"caption\":\"Extrait de planches d'\u00e9tiquettes autocollantes pour tous usages !\"},{\"@type\":\"BreadcrumbList\",\"@id\":\"https:\/\/multipub.re\/index.php\/produit\/etiquettes-et-autocollants\/#breadcrumb\",\"itemListElement\":[{\"@type\":\"ListItem\",\"position\":1,\"name\":\"Accueil\",\"item\":\"http:\/\/multipub.re\/\"},{\"@type\":\"ListItem\",\"position\":2,\"name\":\"Boutique\",\"item\":\"https:\/\/multipub.re\/index.php\/boutique\/\"},{\"@type\":\"ListItem\",\"position\":3,\"name\":\"Stickers \/ autocollants\"}]},{\"@type\":\"WebSite\",\"@id\":\"http:\/\/multipub.re\/#website\",\"url\":\"http:\/\/multipub.re\/\",\"name\":\"MultiPub.re - Votre partenaire publicitaire \u00e0 la R\u00e9union\",\"description\":\"Votre partenaire publicitaire\",\"publisher\":{\"@id\":\"http:\/\/multipub.re\/#organization\"},\"potentialAction\":[{\"@type\":\"SearchAction\",\"target\":{\"@type\":\"EntryPoint\",\"urlTemplate\":\"http:\/\/multipub.re\/?s={search_term_string}\"},\"query-input\":{\"@type\":\"PropertyValueSpecification\",\"valueRequired\":true,\"valueName\":\"search_term_string\"}}],\"inLanguage\":\"fr-FR\"},{\"@type\":\"Organization\",\"@id\":\"http:\/\/multipub.re\/#organization\",\"name\":\"MultiPub.re - Votre partenaire publicitaire \u00e0 la R\u00e9union\",\"url\":\"http:\/\/multipub.re\/\",\"logo\":{\"@type\":\"ImageObject\",\"inLanguage\":\"fr-FR\",\"@id\":\"http:\/\/multipub.re\/#\/schema\/logo\/image\/\",\"url\":\"https:\/\/i0.wp.com\/multipub.re\/wp-content\/uploads\/2022\/06\/logo-couleur-noir.png?fit=261%2C117&ssl=1\",\"contentUrl\":\"https:\/\/i0.wp.com\/multipub.re\/wp-content\/uploads\/2022\/06\/logo-couleur-noir.png?fit=261%2C117&ssl=1\",\"width\":261,\"height\":117,\"caption\":\"MultiPub.re - Votre partenaire publicitaire \u00e0 la R\u00e9union\"},\"image\":{\"@id\":\"http:\/\/multipub.re\/#\/schema\/logo\/image\/\"},\"sameAs\":[\"https:\/\/www.facebook.com\/multipub.re\",\"https:\/\/www.instagram.com\/multipub.re\"]}]}<\/script>\n<!-- \/ Yoast SEO plugin. -->","yoast_head_json":{"title":"Stickers \/ autocollants - MultiPub.re","description":"Commandez la quantit\u00e9 id\u00e9ale de stickers pour tous types d'usages ! Etiquettes de packaging, stickers sauvages... Personnalisez votre commande sans attendre","robots":{"index":"index","follow":"follow","max-snippet":"max-snippet:-1","max-image-preview":"max-image-preview:large","max-video-preview":"max-video-preview:-1"},"canonical":"https:\/\/multipub.re\/index.php\/produit\/etiquettes-et-autocollants\/","og_locale":"fr_FR","og_type":"article","og_title":"Stickers \/ autocollants - MultiPub.re","og_description":"Commandez la quantit\u00e9 id\u00e9ale de stickers pour tous types d'usages ! Etiquettes de packaging, stickers sauvages... Personnalisez votre commande sans attendre","og_url":"https:\/\/multipub.re\/index.php\/produit\/etiquettes-et-autocollants\/","og_site_name":"MultiPub.re","article_publisher":"https:\/\/www.facebook.com\/multipub.re","article_modified_time":"2023-05-22T07:16:46+00:00","og_image":[{"width":1916,"height":2560,"url":"https:\/\/multipub.re\/wp-content\/uploads\/2022\/07\/2020-12-08_15-19-29_190-scaled.jpg","type":"image\/jpeg"}],"twitter_card":"summary_large_image","twitter_misc":{"Dur\u00e9e de lecture estim\u00e9e":"1 minute"},"schema":{"@context":"https:\/\/schema.org","@graph":[{"@type":"WebPage","@id":"https:\/\/multipub.re\/index.php\/produit\/etiquettes-et-autocollants\/","url":"https:\/\/multipub.re\/index.php\/produit\/etiquettes-et-autocollants\/","name":"Stickers \/ autocollants - MultiPub.re","isPartOf":{"@id":"http:\/\/multipub.re\/#website"},"primaryImageOfPage":{"@id":"https:\/\/multipub.re\/index.php\/produit\/etiquettes-et-autocollants\/#primaryimage"},"image":{"@id":"https:\/\/multipub.re\/index.php\/produit\/etiquettes-et-autocollants\/#primaryimage"},"thumbnailUrl":"http:\/\/multipub.re\/wp-content\/uploads\/2022\/07\/2020-12-08_15-19-29_190-scaled.jpg","datePublished":"2022-07-16T05:07:37+00:00","dateModified":"2023-05-22T07:16:46+00:00","description":"Commandez la quantit\u00e9 id\u00e9ale de stickers pour tous types d'usages ! Etiquettes de packaging, stickers sauvages... Personnalisez votre commande sans attendre","breadcrumb":{"@id":"https:\/\/multipub.re\/index.php\/produit\/etiquettes-et-autocollants\/#breadcrumb"},"inLanguage":"fr-FR","potentialAction":[{"@type":"ReadAction","target":["https:\/\/multipub.re\/index.php\/produit\/etiquettes-et-autocollants\/"]}]},{"@type":"ImageObject","inLanguage":"fr-FR","@id":"https:\/\/multipub.re\/index.php\/produit\/etiquettes-et-autocollants\/#primaryimage","url":"http:\/\/multipub.re\/wp-content\/uploads\/2022\/07\/2020-12-08_15-19-29_190-scaled.jpg","contentUrl":"http:\/\/multipub.re\/wp-content\/uploads\/2022\/07\/2020-12-08_15-19-29_190-scaled.jpg","width":1916,"height":2560,"caption":"Extrait de planches d'\u00e9tiquettes autocollantes pour tous usages !"},{"@type":"BreadcrumbList","@id":"https:\/\/multipub.re\/index.php\/produit\/etiquettes-et-autocollants\/#breadcrumb","itemListElement":[{"@type":"ListItem","position":1,"name":"Accueil","item":"http:\/\/multipub.re\/"},{"@type":"ListItem","position":2,"name":"Boutique","item":"https:\/\/multipub.re\/index.php\/boutique\/"},{"@type":"ListItem","position":3,"name":"Stickers \/ autocollants"}]},{"@type":"WebSite","@id":"http:\/\/multipub.re\/#website","url":"http:\/\/multipub.re\/","name":"MultiPub.re - Votre partenaire publicitaire \u00e0 la R\u00e9union","description":"Votre partenaire publicitaire","publisher":{"@id":"http:\/\/multipub.re\/#organization"},"potentialAction":[{"@type":"SearchAction","target":{"@type":"EntryPoint","urlTemplate":"http:\/\/multipub.re\/?s={search_term_string}"},"query-input":{"@type":"PropertyValueSpecification","valueRequired":true,"valueName":"search_term_string"}}],"inLanguage":"fr-FR"},{"@type":"Organization","@id":"http:\/\/multipub.re\/#organization","name":"MultiPub.re - Votre partenaire publicitaire \u00e0 la R\u00e9union","url":"http:\/\/multipub.re\/","logo":{"@type":"ImageObject","inLanguage":"fr-FR","@id":"http:\/\/multipub.re\/#\/schema\/logo\/image\/","url":"https:\/\/i0.wp.com\/multipub.re\/wp-content\/uploads\/2022\/06\/logo-couleur-noir.png?fit=261%2C117&ssl=1","contentUrl":"https:\/\/i0.wp.com\/multipub.re\/wp-content\/uploads\/2022\/06\/logo-couleur-noir.png?fit=261%2C117&ssl=1","width":261,"height":117,"caption":"MultiPub.re - Votre partenaire publicitaire \u00e0 la R\u00e9union"},"image":{"@id":"http:\/\/multipub.re\/#\/schema\/logo\/image\/"},"sameAs":["https:\/\/www.facebook.com\/multipub.re","https:\/\/www.instagram.com\/multipub.re"]}]}},"_links":{"self":[{"href":"http:\/\/multipub.re\/index.php\/wp-json\/wp\/v2\/product\/308","targetHints":{"allow":["GET"]}}],"collection":[{"href":"http:\/\/multipub.re\/index.php\/wp-json\/wp\/v2\/product"}],"about":[{"href":"http:\/\/multipub.re\/index.php\/wp-json\/wp\/v2\/types\/product"}],"wp:featuredmedia":[{"embeddable":true,"href":"http:\/\/multipub.re\/index.php\/wp-json\/wp\/v2\/media\/789"}],"wp:attachment":[{"href":"http:\/\/multipub.re\/index.php\/wp-json\/wp\/v2\/media?parent=308"}],"wp:term":[{"taxonomy":"product_brand","embeddable":true,"href":"http:\/\/multipub.re\/index.php\/wp-json\/wp\/v2\/product_brand?post=308"},{"taxonomy":"product_cat","embeddable":true,"href":"http:\/\/multipub.re\/index.php\/wp-json\/wp\/v2\/product_cat?post=308"},{"taxonomy":"product_tag","embeddable":true,"href":"http:\/\/multipub.re\/index.php\/wp-json\/wp\/v2\/product_tag?post=308"}],"curies":[{"name":"wp","href":"https:\/\/api.w.org\/{rel}","templated":true}]}}