{"id":2298,"date":"2022-12-13T11:26:37","date_gmt":"2022-12-13T10:26:37","guid":{"rendered":"https:\/\/multipub.re\/?post_type=product&#038;p=2298"},"modified":"2023-05-22T07:59:36","modified_gmt":"2023-05-22T05:59:36","slug":"set-a-vin","status":"publish","type":"product","link":"https:\/\/multipub.re\/index.php\/produit\/set-a-vin\/","title":{"rendered":"Sets \u00e0 vin"},"content":{"rendered":"<p><strong>Marre de chercher le tire-bouchon au fond du tiroir ?<\/strong> Offrez un set complet de d\u00e9gustation !<\/p>\n<p><strong>Ce set est non seulement esth\u00e9tique<\/strong>, mais aussi pratique pour servir et d\u00e9guster le vin.\u00a0Le set comprend tout le n\u00e9cessaire pour accompagner une bonne bouteille ! Tous les \u00e9l\u00e9ments sont solides et durables&#8230; mais ce qui rend ce set encore plus unique,<strong> c&rsquo;est la possibilit\u00e9 de le personnaliser.<\/strong> Vous pouvez ajouter un message ou le nom de la personne \u00e0 qui vous offrez le cadeau pour le rendre encore plus sp\u00e9cial. Personnalisation en gravure laser, pour un rendu naturel et \u00e9cologique.<\/p>\n<p>Le set \u00e0 vin en bois personnalis\u00e9 est un cadeau parfait pour toute occasion, que ce soit pour un anniversaire, un mariage ou tout simplement pour une soir\u00e9e entre amis.<\/p>\n<p><strong>Envie de voir avant d&rsquo;acheter ?<\/strong> Passez au studio voir nos mod\u00e8les d&rsquo;exposition !<\/p>\n","protected":false},"excerpt":{"rendered":"<p>Grand cru non fourni !<\/p>\n","protected":false},"featured_media":2299,"template":"","meta":{"site-sidebar-layout":"default","site-content-layout":"default","ast-site-content-layout":"default","site-content-style":"default","site-sidebar-style":"default","ast-global-header-display":"","ast-banner-title-visibility":"","ast-main-header-display":"","ast-hfb-above-header-display":"","ast-hfb-below-header-display":"","ast-hfb-mobile-header-display":"","site-post-title":"","ast-breadcrumbs-content":"","ast-featured-img":"","footer-sml-layout":"","ast-disable-related-posts":"","theme-transparent-header-meta":"default","adv-header-id-meta":"","stick-header-meta":"","header-above-stick-meta":"","header-main-stick-meta":"","header-below-stick-meta":"","astra-migrate-meta-layouts":"default","ast-page-background-enabled":"default","ast-page-background-meta":{"desktop":{"background-color":"var(--ast-global-color-4)","background-image":"","background-repeat":"repeat","background-position":"center center","background-size":"auto","background-attachment":"scroll","background-type":"","background-media":"","overlay-type":"","overlay-color":"","overlay-opacity":"","overlay-gradient":""},"tablet":{"background-color":"","background-image":"","background-repeat":"repeat","background-position":"center center","background-size":"auto","background-attachment":"scroll","background-type":"","background-media":"","overlay-type":"","overlay-color":"","overlay-opacity":"","overlay-gradient":""},"mobile":{"background-color":"","background-image":"","background-repeat":"repeat","background-position":"center center","background-size":"auto","background-attachment":"scroll","background-type":"","background-media":"","overlay-type":"","overlay-color":"","overlay-opacity":"","overlay-gradient":""}},"ast-content-background-meta":{"desktop":{"background-color":"var(--ast-global-color-5)","background-image":"","background-repeat":"repeat","background-position":"center center","background-size":"auto","background-attachment":"scroll","background-type":"","background-media":"","overlay-type":"","overlay-color":"","overlay-opacity":"","overlay-gradient":""},"tablet":{"background-color":"var(--ast-global-color-5)","background-image":"","background-repeat":"repeat","background-position":"center center","background-size":"auto","background-attachment":"scroll","background-type":"","background-media":"","overlay-type":"","overlay-color":"","overlay-opacity":"","overlay-gradient":""},"mobile":{"background-color":"var(--ast-global-color-5)","background-image":"","background-repeat":"repeat","background-position":"center center","background-size":"auto","background-attachment":"scroll","background-type":"","background-media":"","overlay-type":"","overlay-color":"","overlay-opacity":"","overlay-gradient":""}}},"product_brand":[],"product_cat":[36,40],"product_tag":[],"class_list":{"0":"post-2298","1":"product","2":"type-product","3":"status-publish","4":"has-post-thumbnail","6":"product_cat-objets-publicitaires","7":"product_cat-idees-deco","8":"desktop-align-left","9":"tablet-align-left","10":"mobile-align-left","12":"first","13":"instock","14":"featured","15":"taxable","16":"shipping-taxable","17":"product-type-simple"},"yoast_head":"<!-- This site is optimized with the Yoast SEO plugin v26.7 - https:\/\/yoast.com\/wordpress\/plugins\/seo\/ -->\n<title>Sets \u00e0 vin - MultiPub.re<\/title>\n<meta name=\"description\" content=\"Nos set \u00e0 vin comprennent tout le n\u00e9cessaire pour accompagner une bonne bouteille ! Un cadeau utile, \u00e9colo et personnalisable !\" \/>\n<meta name=\"robots\" content=\"index, follow, max-snippet:-1, max-image-preview:large, max-video-preview:-1\" \/>\n<link rel=\"canonical\" href=\"https:\/\/multipub.re\/index.php\/produit\/set-a-vin\/\" \/>\n<meta property=\"og:locale\" content=\"fr_FR\" \/>\n<meta property=\"og:type\" content=\"article\" \/>\n<meta property=\"og:title\" content=\"Sets \u00e0 vin - MultiPub.re\" \/>\n<meta property=\"og:description\" content=\"Nos set \u00e0 vin comprennent tout le n\u00e9cessaire pour accompagner une bonne bouteille ! Un cadeau utile, \u00e9colo et personnalisable !\" \/>\n<meta property=\"og:url\" content=\"https:\/\/multipub.re\/index.php\/produit\/set-a-vin\/\" \/>\n<meta property=\"og:site_name\" content=\"MultiPub.re\" \/>\n<meta property=\"article:publisher\" content=\"https:\/\/www.facebook.com\/multipub.re\" \/>\n<meta property=\"article:modified_time\" content=\"2023-05-22T05:59:36+00:00\" \/>\n<meta property=\"og:image\" content=\"https:\/\/multipub.re\/wp-content\/uploads\/2022\/12\/Capture-decran-2022-12-13-142818.jpg\" \/>\n\t<meta property=\"og:image:width\" content=\"678\" \/>\n\t<meta property=\"og:image:height\" content=\"712\" \/>\n\t<meta property=\"og:image:type\" content=\"image\/jpeg\" \/>\n<meta name=\"twitter:card\" content=\"summary_large_image\" \/>\n<meta name=\"twitter:label1\" content=\"Dur\u00e9e de lecture estim\u00e9e\" \/>\n\t<meta name=\"twitter:data1\" content=\"1 minute\" \/>\n<script type=\"application\/ld+json\" class=\"yoast-schema-graph\">{\"@context\":\"https:\/\/schema.org\",\"@graph\":[{\"@type\":\"WebPage\",\"@id\":\"https:\/\/multipub.re\/index.php\/produit\/set-a-vin\/\",\"url\":\"https:\/\/multipub.re\/index.php\/produit\/set-a-vin\/\",\"name\":\"Sets \u00e0 vin - MultiPub.re\",\"isPartOf\":{\"@id\":\"https:\/\/multipub.re\/#website\"},\"primaryImageOfPage\":{\"@id\":\"https:\/\/multipub.re\/index.php\/produit\/set-a-vin\/#primaryimage\"},\"image\":{\"@id\":\"https:\/\/multipub.re\/index.php\/produit\/set-a-vin\/#primaryimage\"},\"thumbnailUrl\":\"https:\/\/multipub.re\/wp-content\/uploads\/2022\/12\/Capture-decran-2022-12-13-142818.jpg\",\"datePublished\":\"2022-12-13T10:26:37+00:00\",\"dateModified\":\"2023-05-22T05:59:36+00:00\",\"description\":\"Nos set \u00e0 vin comprennent tout le n\u00e9cessaire pour accompagner une bonne bouteille ! Un cadeau utile, \u00e9colo et personnalisable !\",\"breadcrumb\":{\"@id\":\"https:\/\/multipub.re\/index.php\/produit\/set-a-vin\/#breadcrumb\"},\"inLanguage\":\"fr-FR\",\"potentialAction\":[{\"@type\":\"ReadAction\",\"target\":[\"https:\/\/multipub.re\/index.php\/produit\/set-a-vin\/\"]}]},{\"@type\":\"ImageObject\",\"inLanguage\":\"fr-FR\",\"@id\":\"https:\/\/multipub.re\/index.php\/produit\/set-a-vin\/#primaryimage\",\"url\":\"https:\/\/multipub.re\/wp-content\/uploads\/2022\/12\/Capture-decran-2022-12-13-142818.jpg\",\"contentUrl\":\"https:\/\/multipub.re\/wp-content\/uploads\/2022\/12\/Capture-decran-2022-12-13-142818.jpg\",\"width\":678,\"height\":712,\"caption\":\"Set \u00e0 vin comprenant un tire-bouchon, un d\u00e9capsuleur et un d\u00e9boucheur\"},{\"@type\":\"BreadcrumbList\",\"@id\":\"https:\/\/multipub.re\/index.php\/produit\/set-a-vin\/#breadcrumb\",\"itemListElement\":[{\"@type\":\"ListItem\",\"position\":1,\"name\":\"Accueil\",\"item\":\"https:\/\/multipub.re\/\"},{\"@type\":\"ListItem\",\"position\":2,\"name\":\"Boutique\",\"item\":\"https:\/\/multipub.re\/index.php\/boutique\/\"},{\"@type\":\"ListItem\",\"position\":3,\"name\":\"Sets \u00e0 vin\"}]},{\"@type\":\"WebSite\",\"@id\":\"https:\/\/multipub.re\/#website\",\"url\":\"https:\/\/multipub.re\/\",\"name\":\"MultiPub.re - Votre partenaire publicitaire \u00e0 la R\u00e9union\",\"description\":\"Votre partenaire publicitaire\",\"publisher\":{\"@id\":\"https:\/\/multipub.re\/#organization\"},\"potentialAction\":[{\"@type\":\"SearchAction\",\"target\":{\"@type\":\"EntryPoint\",\"urlTemplate\":\"https:\/\/multipub.re\/?s={search_term_string}\"},\"query-input\":{\"@type\":\"PropertyValueSpecification\",\"valueRequired\":true,\"valueName\":\"search_term_string\"}}],\"inLanguage\":\"fr-FR\"},{\"@type\":\"Organization\",\"@id\":\"https:\/\/multipub.re\/#organization\",\"name\":\"MultiPub.re - Votre partenaire publicitaire \u00e0 la R\u00e9union\",\"url\":\"https:\/\/multipub.re\/\",\"logo\":{\"@type\":\"ImageObject\",\"inLanguage\":\"fr-FR\",\"@id\":\"https:\/\/multipub.re\/#\/schema\/logo\/image\/\",\"url\":\"https:\/\/i0.wp.com\/multipub.re\/wp-content\/uploads\/2022\/06\/logo-couleur-noir.png?fit=261%2C117&ssl=1\",\"contentUrl\":\"https:\/\/i0.wp.com\/multipub.re\/wp-content\/uploads\/2022\/06\/logo-couleur-noir.png?fit=261%2C117&ssl=1\",\"width\":261,\"height\":117,\"caption\":\"MultiPub.re - Votre partenaire publicitaire \u00e0 la R\u00e9union\"},\"image\":{\"@id\":\"https:\/\/multipub.re\/#\/schema\/logo\/image\/\"},\"sameAs\":[\"https:\/\/www.facebook.com\/multipub.re\",\"https:\/\/www.instagram.com\/multipub.re\"]}]}<\/script>\n<!-- \/ Yoast SEO plugin. -->","yoast_head_json":{"title":"Sets \u00e0 vin - MultiPub.re","description":"Nos set \u00e0 vin comprennent tout le n\u00e9cessaire pour accompagner une bonne bouteille ! Un cadeau utile, \u00e9colo et personnalisable !","robots":{"index":"index","follow":"follow","max-snippet":"max-snippet:-1","max-image-preview":"max-image-preview:large","max-video-preview":"max-video-preview:-1"},"canonical":"https:\/\/multipub.re\/index.php\/produit\/set-a-vin\/","og_locale":"fr_FR","og_type":"article","og_title":"Sets \u00e0 vin - MultiPub.re","og_description":"Nos set \u00e0 vin comprennent tout le n\u00e9cessaire pour accompagner une bonne bouteille ! Un cadeau utile, \u00e9colo et personnalisable !","og_url":"https:\/\/multipub.re\/index.php\/produit\/set-a-vin\/","og_site_name":"MultiPub.re","article_publisher":"https:\/\/www.facebook.com\/multipub.re","article_modified_time":"2023-05-22T05:59:36+00:00","og_image":[{"width":678,"height":712,"url":"https:\/\/multipub.re\/wp-content\/uploads\/2022\/12\/Capture-decran-2022-12-13-142818.jpg","type":"image\/jpeg"}],"twitter_card":"summary_large_image","twitter_misc":{"Dur\u00e9e de lecture estim\u00e9e":"1 minute"},"schema":{"@context":"https:\/\/schema.org","@graph":[{"@type":"WebPage","@id":"https:\/\/multipub.re\/index.php\/produit\/set-a-vin\/","url":"https:\/\/multipub.re\/index.php\/produit\/set-a-vin\/","name":"Sets \u00e0 vin - MultiPub.re","isPartOf":{"@id":"https:\/\/multipub.re\/#website"},"primaryImageOfPage":{"@id":"https:\/\/multipub.re\/index.php\/produit\/set-a-vin\/#primaryimage"},"image":{"@id":"https:\/\/multipub.re\/index.php\/produit\/set-a-vin\/#primaryimage"},"thumbnailUrl":"https:\/\/multipub.re\/wp-content\/uploads\/2022\/12\/Capture-decran-2022-12-13-142818.jpg","datePublished":"2022-12-13T10:26:37+00:00","dateModified":"2023-05-22T05:59:36+00:00","description":"Nos set \u00e0 vin comprennent tout le n\u00e9cessaire pour accompagner une bonne bouteille ! Un cadeau utile, \u00e9colo et personnalisable !","breadcrumb":{"@id":"https:\/\/multipub.re\/index.php\/produit\/set-a-vin\/#breadcrumb"},"inLanguage":"fr-FR","potentialAction":[{"@type":"ReadAction","target":["https:\/\/multipub.re\/index.php\/produit\/set-a-vin\/"]}]},{"@type":"ImageObject","inLanguage":"fr-FR","@id":"https:\/\/multipub.re\/index.php\/produit\/set-a-vin\/#primaryimage","url":"https:\/\/multipub.re\/wp-content\/uploads\/2022\/12\/Capture-decran-2022-12-13-142818.jpg","contentUrl":"https:\/\/multipub.re\/wp-content\/uploads\/2022\/12\/Capture-decran-2022-12-13-142818.jpg","width":678,"height":712,"caption":"Set \u00e0 vin comprenant un tire-bouchon, un d\u00e9capsuleur et un d\u00e9boucheur"},{"@type":"BreadcrumbList","@id":"https:\/\/multipub.re\/index.php\/produit\/set-a-vin\/#breadcrumb","itemListElement":[{"@type":"ListItem","position":1,"name":"Accueil","item":"https:\/\/multipub.re\/"},{"@type":"ListItem","position":2,"name":"Boutique","item":"https:\/\/multipub.re\/index.php\/boutique\/"},{"@type":"ListItem","position":3,"name":"Sets \u00e0 vin"}]},{"@type":"WebSite","@id":"https:\/\/multipub.re\/#website","url":"https:\/\/multipub.re\/","name":"MultiPub.re - Votre partenaire publicitaire \u00e0 la R\u00e9union","description":"Votre partenaire publicitaire","publisher":{"@id":"https:\/\/multipub.re\/#organization"},"potentialAction":[{"@type":"SearchAction","target":{"@type":"EntryPoint","urlTemplate":"https:\/\/multipub.re\/?s={search_term_string}"},"query-input":{"@type":"PropertyValueSpecification","valueRequired":true,"valueName":"search_term_string"}}],"inLanguage":"fr-FR"},{"@type":"Organization","@id":"https:\/\/multipub.re\/#organization","name":"MultiPub.re - Votre partenaire publicitaire \u00e0 la R\u00e9union","url":"https:\/\/multipub.re\/","logo":{"@type":"ImageObject","inLanguage":"fr-FR","@id":"https:\/\/multipub.re\/#\/schema\/logo\/image\/","url":"https:\/\/i0.wp.com\/multipub.re\/wp-content\/uploads\/2022\/06\/logo-couleur-noir.png?fit=261%2C117&ssl=1","contentUrl":"https:\/\/i0.wp.com\/multipub.re\/wp-content\/uploads\/2022\/06\/logo-couleur-noir.png?fit=261%2C117&ssl=1","width":261,"height":117,"caption":"MultiPub.re - Votre partenaire publicitaire \u00e0 la R\u00e9union"},"image":{"@id":"https:\/\/multipub.re\/#\/schema\/logo\/image\/"},"sameAs":["https:\/\/www.facebook.com\/multipub.re","https:\/\/www.instagram.com\/multipub.re"]}]}},"_links":{"self":[{"href":"https:\/\/multipub.re\/index.php\/wp-json\/wp\/v2\/product\/2298","targetHints":{"allow":["GET"]}}],"collection":[{"href":"https:\/\/multipub.re\/index.php\/wp-json\/wp\/v2\/product"}],"about":[{"href":"https:\/\/multipub.re\/index.php\/wp-json\/wp\/v2\/types\/product"}],"wp:featuredmedia":[{"embeddable":true,"href":"https:\/\/multipub.re\/index.php\/wp-json\/wp\/v2\/media\/2299"}],"wp:attachment":[{"href":"https:\/\/multipub.re\/index.php\/wp-json\/wp\/v2\/media?parent=2298"}],"wp:term":[{"taxonomy":"product_brand","embeddable":true,"href":"https:\/\/multipub.re\/index.php\/wp-json\/wp\/v2\/product_brand?post=2298"},{"taxonomy":"product_cat","embeddable":true,"href":"https:\/\/multipub.re\/index.php\/wp-json\/wp\/v2\/product_cat?post=2298"},{"taxonomy":"product_tag","embeddable":true,"href":"https:\/\/multipub.re\/index.php\/wp-json\/wp\/v2\/product_tag?post=2298"}],"curies":[{"name":"wp","href":"https:\/\/api.w.org\/{rel}","templated":true}]}}