{"id":2394,"date":"2022-12-15T11:33:23","date_gmt":"2022-12-15T10:33:23","guid":{"rendered":"https:\/\/multipub.re\/?post_type=product&#038;p=2394"},"modified":"2023-01-05T06:42:01","modified_gmt":"2023-01-05T05:42:01","slug":"verification-fichiers-impression","status":"publish","type":"product","link":"https:\/\/multipub.re\/index.php\/produit\/verification-fichiers-impression\/","title":{"rendered":"V\u00e9rification fichiers pour impression"},"content":{"rendered":"<p><strong>Vous souhaitez une v\u00e9rification de votre document avant impression ?<\/strong> Confiez-nous votre b\u00e9b\u00e9 ! Nos graphistes v\u00e9rifierons l&rsquo;ensemble des normes et des standards (qualit\u00e9 d&rsquo;export, format, couleurs, marges, etc) avant impression pour vous garantir un rendu optimal. Ne prenez pas le risque d&rsquo;\u00eatre d\u00e9\u00e7u !<\/p>\n<p><strong>Chez MultiPub.re,<\/strong> nous mettons un point d&rsquo;honneur \u00e0 garantir la qualit\u00e9 de nos impressions. C&rsquo;est pourquoi nous proposons un service de v\u00e9rification de fichiers avant impression pour vous assurer que vos documents sont pr\u00eats \u00e0 \u00eatre imprim\u00e9s.<\/p>\n<p>Notre \u00e9quipe de professionnels exp\u00e9riment\u00e9s effectuera une v\u00e9rification approfondie de vos fichiers pour s&rsquo;assurer qu&rsquo;ils respectent les normes de qualit\u00e9 et qu&rsquo;ils sont pr\u00eats \u00e0 \u00eatre imprim\u00e9s. Nous v\u00e9rifierons la r\u00e9solution des images, le format des fichiers, la qualit\u00e9 des polices de caract\u00e8res et tous les autres d\u00e9tails importants.\u00a0En optant pour la v\u00e9rification de fichiers avant impression, vous pouvez \u00eatre s\u00fbr que votre prochaine impression sera de qualit\u00e9 et sans d\u00e9faut.<\/p>\n<p><strong>Le saviez-vous ?<\/strong> Si vous n&rsquo;\u00eates pas certain de vos choix graphiques, l&rsquo;\u00e9quipe de MultiPub.re peut \u00e9galement vous donner conseils et solutions graphiques pour gagner en lisibilit\u00e9 et impact visuel !<\/p>\n","protected":false},"excerpt":{"rendered":"<p>Check check, 1, 2, 1, 2 !<\/p>\n","protected":false},"featured_media":2395,"template":"","meta":{"site-sidebar-layout":"default","site-content-layout":"default","ast-site-content-layout":"default","site-content-style":"default","site-sidebar-style":"default","ast-global-header-display":"","ast-banner-title-visibility":"","ast-main-header-display":"","ast-hfb-above-header-display":"","ast-hfb-below-header-display":"","ast-hfb-mobile-header-display":"","site-post-title":"","ast-breadcrumbs-content":"","ast-featured-img":"","footer-sml-layout":"","ast-disable-related-posts":"","theme-transparent-header-meta":"default","adv-header-id-meta":"","stick-header-meta":"","header-above-stick-meta":"","header-main-stick-meta":"","header-below-stick-meta":"","astra-migrate-meta-layouts":"default","ast-page-background-enabled":"default","ast-page-background-meta":{"desktop":{"background-color":"var(--ast-global-color-4)","background-image":"","background-repeat":"repeat","background-position":"center center","background-size":"auto","background-attachment":"scroll","background-type":"","background-media":"","overlay-type":"","overlay-color":"","overlay-opacity":"","overlay-gradient":""},"tablet":{"background-color":"","background-image":"","background-repeat":"repeat","background-position":"center center","background-size":"auto","background-attachment":"scroll","background-type":"","background-media":"","overlay-type":"","overlay-color":"","overlay-opacity":"","overlay-gradient":""},"mobile":{"background-color":"","background-image":"","background-repeat":"repeat","background-position":"center center","background-size":"auto","background-attachment":"scroll","background-type":"","background-media":"","overlay-type":"","overlay-color":"","overlay-opacity":"","overlay-gradient":""}},"ast-content-background-meta":{"desktop":{"background-color":"var(--ast-global-color-5)","background-image":"","background-repeat":"repeat","background-position":"center center","background-size":"auto","background-attachment":"scroll","background-type":"","background-media":"","overlay-type":"","overlay-color":"","overlay-opacity":"","overlay-gradient":""},"tablet":{"background-color":"var(--ast-global-color-5)","background-image":"","background-repeat":"repeat","background-position":"center center","background-size":"auto","background-attachment":"scroll","background-type":"","background-media":"","overlay-type":"","overlay-color":"","overlay-opacity":"","overlay-gradient":""},"mobile":{"background-color":"var(--ast-global-color-5)","background-image":"","background-repeat":"repeat","background-position":"center center","background-size":"auto","background-attachment":"scroll","background-type":"","background-media":"","overlay-type":"","overlay-color":"","overlay-opacity":"","overlay-gradient":""}}},"product_brand":[],"product_cat":[44],"product_tag":[],"class_list":{"0":"post-2394","1":"product","2":"type-product","3":"status-publish","4":"has-post-thumbnail","6":"product_cat-designs-et-logos","7":"desktop-align-left","8":"tablet-align-left","9":"mobile-align-left","11":"first","12":"instock","13":"featured","14":"taxable","15":"shipping-taxable","16":"product-type-simple"},"yoast_head":"<!-- This site is optimized with the Yoast SEO plugin v26.7 - https:\/\/yoast.com\/wordpress\/plugins\/seo\/ -->\n<title>V\u00e9rification fichiers pour impression - MultiPub.re<\/title>\n<meta name=\"description\" content=\"Vous souhaitez que votre prochaine impression soit parfaite et sans d\u00e9faut ? La v\u00e9rification de fichiers avant impression est indispensable !\" \/>\n<meta name=\"robots\" content=\"index, follow, max-snippet:-1, max-image-preview:large, max-video-preview:-1\" \/>\n<link rel=\"canonical\" href=\"https:\/\/multipub.re\/index.php\/produit\/verification-fichiers-impression\/\" \/>\n<meta property=\"og:locale\" content=\"fr_FR\" \/>\n<meta property=\"og:type\" content=\"article\" \/>\n<meta property=\"og:title\" content=\"V\u00e9rification fichiers pour impression - MultiPub.re\" \/>\n<meta property=\"og:description\" content=\"Vous souhaitez que votre prochaine impression soit parfaite et sans d\u00e9faut ? La v\u00e9rification de fichiers avant impression est indispensable !\" \/>\n<meta property=\"og:url\" content=\"https:\/\/multipub.re\/index.php\/produit\/verification-fichiers-impression\/\" \/>\n<meta property=\"og:site_name\" content=\"MultiPub.re\" \/>\n<meta property=\"article:publisher\" content=\"https:\/\/www.facebook.com\/multipub.re\" \/>\n<meta property=\"article:modified_time\" content=\"2023-01-05T05:42:01+00:00\" \/>\n<meta property=\"og:image\" content=\"https:\/\/multipub.re\/wp-content\/uploads\/2022\/12\/preparer-02.jpg\" \/>\n\t<meta property=\"og:image:width\" content=\"600\" \/>\n\t<meta property=\"og:image:height\" content=\"600\" \/>\n\t<meta property=\"og:image:type\" content=\"image\/jpeg\" \/>\n<meta name=\"twitter:card\" content=\"summary_large_image\" \/>\n<meta name=\"twitter:label1\" content=\"Dur\u00e9e de lecture estim\u00e9e\" \/>\n\t<meta name=\"twitter:data1\" content=\"1 minute\" \/>\n<script type=\"application\/ld+json\" class=\"yoast-schema-graph\">{\"@context\":\"https:\/\/schema.org\",\"@graph\":[{\"@type\":\"WebPage\",\"@id\":\"https:\/\/multipub.re\/index.php\/produit\/verification-fichiers-impression\/\",\"url\":\"https:\/\/multipub.re\/index.php\/produit\/verification-fichiers-impression\/\",\"name\":\"V\u00e9rification fichiers pour impression - MultiPub.re\",\"isPartOf\":{\"@id\":\"https:\/\/multipub.re\/#website\"},\"primaryImageOfPage\":{\"@id\":\"https:\/\/multipub.re\/index.php\/produit\/verification-fichiers-impression\/#primaryimage\"},\"image\":{\"@id\":\"https:\/\/multipub.re\/index.php\/produit\/verification-fichiers-impression\/#primaryimage\"},\"thumbnailUrl\":\"https:\/\/multipub.re\/wp-content\/uploads\/2022\/12\/preparer-02.jpg\",\"datePublished\":\"2022-12-15T10:33:23+00:00\",\"dateModified\":\"2023-01-05T05:42:01+00:00\",\"description\":\"Vous souhaitez que votre prochaine impression soit parfaite et sans d\u00e9faut ? La v\u00e9rification de fichiers avant impression est indispensable !\",\"breadcrumb\":{\"@id\":\"https:\/\/multipub.re\/index.php\/produit\/verification-fichiers-impression\/#breadcrumb\"},\"inLanguage\":\"fr-FR\",\"potentialAction\":[{\"@type\":\"ReadAction\",\"target\":[\"https:\/\/multipub.re\/index.php\/produit\/verification-fichiers-impression\/\"]}]},{\"@type\":\"ImageObject\",\"inLanguage\":\"fr-FR\",\"@id\":\"https:\/\/multipub.re\/index.php\/produit\/verification-fichiers-impression\/#primaryimage\",\"url\":\"https:\/\/multipub.re\/wp-content\/uploads\/2022\/12\/preparer-02.jpg\",\"contentUrl\":\"https:\/\/multipub.re\/wp-content\/uploads\/2022\/12\/preparer-02.jpg\",\"width\":600,\"height\":600,\"caption\":\"Garantissez la qualit\u00e9 de vos impressions gr\u00e2ce \u00e0 notre service de v\u00e9rification de fichiers\"},{\"@type\":\"BreadcrumbList\",\"@id\":\"https:\/\/multipub.re\/index.php\/produit\/verification-fichiers-impression\/#breadcrumb\",\"itemListElement\":[{\"@type\":\"ListItem\",\"position\":1,\"name\":\"Accueil\",\"item\":\"https:\/\/multipub.re\/\"},{\"@type\":\"ListItem\",\"position\":2,\"name\":\"Boutique\",\"item\":\"https:\/\/multipub.re\/index.php\/boutique\/\"},{\"@type\":\"ListItem\",\"position\":3,\"name\":\"V\u00e9rification fichiers pour impression\"}]},{\"@type\":\"WebSite\",\"@id\":\"https:\/\/multipub.re\/#website\",\"url\":\"https:\/\/multipub.re\/\",\"name\":\"MultiPub.re - Votre partenaire publicitaire \u00e0 la R\u00e9union\",\"description\":\"Votre partenaire publicitaire\",\"publisher\":{\"@id\":\"https:\/\/multipub.re\/#organization\"},\"potentialAction\":[{\"@type\":\"SearchAction\",\"target\":{\"@type\":\"EntryPoint\",\"urlTemplate\":\"https:\/\/multipub.re\/?s={search_term_string}\"},\"query-input\":{\"@type\":\"PropertyValueSpecification\",\"valueRequired\":true,\"valueName\":\"search_term_string\"}}],\"inLanguage\":\"fr-FR\"},{\"@type\":\"Organization\",\"@id\":\"https:\/\/multipub.re\/#organization\",\"name\":\"MultiPub.re - Votre partenaire publicitaire \u00e0 la R\u00e9union\",\"url\":\"https:\/\/multipub.re\/\",\"logo\":{\"@type\":\"ImageObject\",\"inLanguage\":\"fr-FR\",\"@id\":\"https:\/\/multipub.re\/#\/schema\/logo\/image\/\",\"url\":\"https:\/\/i0.wp.com\/multipub.re\/wp-content\/uploads\/2022\/06\/logo-couleur-noir.png?fit=261%2C117&ssl=1\",\"contentUrl\":\"https:\/\/i0.wp.com\/multipub.re\/wp-content\/uploads\/2022\/06\/logo-couleur-noir.png?fit=261%2C117&ssl=1\",\"width\":261,\"height\":117,\"caption\":\"MultiPub.re - Votre partenaire publicitaire \u00e0 la R\u00e9union\"},\"image\":{\"@id\":\"https:\/\/multipub.re\/#\/schema\/logo\/image\/\"},\"sameAs\":[\"https:\/\/www.facebook.com\/multipub.re\",\"https:\/\/www.instagram.com\/multipub.re\"]}]}<\/script>\n<!-- \/ Yoast SEO plugin. -->","yoast_head_json":{"title":"V\u00e9rification fichiers pour impression - MultiPub.re","description":"Vous souhaitez que votre prochaine impression soit parfaite et sans d\u00e9faut ? La v\u00e9rification de fichiers avant impression est indispensable !","robots":{"index":"index","follow":"follow","max-snippet":"max-snippet:-1","max-image-preview":"max-image-preview:large","max-video-preview":"max-video-preview:-1"},"canonical":"https:\/\/multipub.re\/index.php\/produit\/verification-fichiers-impression\/","og_locale":"fr_FR","og_type":"article","og_title":"V\u00e9rification fichiers pour impression - MultiPub.re","og_description":"Vous souhaitez que votre prochaine impression soit parfaite et sans d\u00e9faut ? La v\u00e9rification de fichiers avant impression est indispensable !","og_url":"https:\/\/multipub.re\/index.php\/produit\/verification-fichiers-impression\/","og_site_name":"MultiPub.re","article_publisher":"https:\/\/www.facebook.com\/multipub.re","article_modified_time":"2023-01-05T05:42:01+00:00","og_image":[{"width":600,"height":600,"url":"https:\/\/multipub.re\/wp-content\/uploads\/2022\/12\/preparer-02.jpg","type":"image\/jpeg"}],"twitter_card":"summary_large_image","twitter_misc":{"Dur\u00e9e de lecture estim\u00e9e":"1 minute"},"schema":{"@context":"https:\/\/schema.org","@graph":[{"@type":"WebPage","@id":"https:\/\/multipub.re\/index.php\/produit\/verification-fichiers-impression\/","url":"https:\/\/multipub.re\/index.php\/produit\/verification-fichiers-impression\/","name":"V\u00e9rification fichiers pour impression - MultiPub.re","isPartOf":{"@id":"https:\/\/multipub.re\/#website"},"primaryImageOfPage":{"@id":"https:\/\/multipub.re\/index.php\/produit\/verification-fichiers-impression\/#primaryimage"},"image":{"@id":"https:\/\/multipub.re\/index.php\/produit\/verification-fichiers-impression\/#primaryimage"},"thumbnailUrl":"https:\/\/multipub.re\/wp-content\/uploads\/2022\/12\/preparer-02.jpg","datePublished":"2022-12-15T10:33:23+00:00","dateModified":"2023-01-05T05:42:01+00:00","description":"Vous souhaitez que votre prochaine impression soit parfaite et sans d\u00e9faut ? La v\u00e9rification de fichiers avant impression est indispensable !","breadcrumb":{"@id":"https:\/\/multipub.re\/index.php\/produit\/verification-fichiers-impression\/#breadcrumb"},"inLanguage":"fr-FR","potentialAction":[{"@type":"ReadAction","target":["https:\/\/multipub.re\/index.php\/produit\/verification-fichiers-impression\/"]}]},{"@type":"ImageObject","inLanguage":"fr-FR","@id":"https:\/\/multipub.re\/index.php\/produit\/verification-fichiers-impression\/#primaryimage","url":"https:\/\/multipub.re\/wp-content\/uploads\/2022\/12\/preparer-02.jpg","contentUrl":"https:\/\/multipub.re\/wp-content\/uploads\/2022\/12\/preparer-02.jpg","width":600,"height":600,"caption":"Garantissez la qualit\u00e9 de vos impressions gr\u00e2ce \u00e0 notre service de v\u00e9rification de fichiers"},{"@type":"BreadcrumbList","@id":"https:\/\/multipub.re\/index.php\/produit\/verification-fichiers-impression\/#breadcrumb","itemListElement":[{"@type":"ListItem","position":1,"name":"Accueil","item":"https:\/\/multipub.re\/"},{"@type":"ListItem","position":2,"name":"Boutique","item":"https:\/\/multipub.re\/index.php\/boutique\/"},{"@type":"ListItem","position":3,"name":"V\u00e9rification fichiers pour impression"}]},{"@type":"WebSite","@id":"https:\/\/multipub.re\/#website","url":"https:\/\/multipub.re\/","name":"MultiPub.re - Votre partenaire publicitaire \u00e0 la R\u00e9union","description":"Votre partenaire publicitaire","publisher":{"@id":"https:\/\/multipub.re\/#organization"},"potentialAction":[{"@type":"SearchAction","target":{"@type":"EntryPoint","urlTemplate":"https:\/\/multipub.re\/?s={search_term_string}"},"query-input":{"@type":"PropertyValueSpecification","valueRequired":true,"valueName":"search_term_string"}}],"inLanguage":"fr-FR"},{"@type":"Organization","@id":"https:\/\/multipub.re\/#organization","name":"MultiPub.re - Votre partenaire publicitaire \u00e0 la R\u00e9union","url":"https:\/\/multipub.re\/","logo":{"@type":"ImageObject","inLanguage":"fr-FR","@id":"https:\/\/multipub.re\/#\/schema\/logo\/image\/","url":"https:\/\/i0.wp.com\/multipub.re\/wp-content\/uploads\/2022\/06\/logo-couleur-noir.png?fit=261%2C117&ssl=1","contentUrl":"https:\/\/i0.wp.com\/multipub.re\/wp-content\/uploads\/2022\/06\/logo-couleur-noir.png?fit=261%2C117&ssl=1","width":261,"height":117,"caption":"MultiPub.re - Votre partenaire publicitaire \u00e0 la R\u00e9union"},"image":{"@id":"https:\/\/multipub.re\/#\/schema\/logo\/image\/"},"sameAs":["https:\/\/www.facebook.com\/multipub.re","https:\/\/www.instagram.com\/multipub.re"]}]}},"_links":{"self":[{"href":"https:\/\/multipub.re\/index.php\/wp-json\/wp\/v2\/product\/2394","targetHints":{"allow":["GET"]}}],"collection":[{"href":"https:\/\/multipub.re\/index.php\/wp-json\/wp\/v2\/product"}],"about":[{"href":"https:\/\/multipub.re\/index.php\/wp-json\/wp\/v2\/types\/product"}],"wp:featuredmedia":[{"embeddable":true,"href":"https:\/\/multipub.re\/index.php\/wp-json\/wp\/v2\/media\/2395"}],"wp:attachment":[{"href":"https:\/\/multipub.re\/index.php\/wp-json\/wp\/v2\/media?parent=2394"}],"wp:term":[{"taxonomy":"product_brand","embeddable":true,"href":"https:\/\/multipub.re\/index.php\/wp-json\/wp\/v2\/product_brand?post=2394"},{"taxonomy":"product_cat","embeddable":true,"href":"https:\/\/multipub.re\/index.php\/wp-json\/wp\/v2\/product_cat?post=2394"},{"taxonomy":"product_tag","embeddable":true,"href":"https:\/\/multipub.re\/index.php\/wp-json\/wp\/v2\/product_tag?post=2394"}],"curies":[{"name":"wp","href":"https:\/\/api.w.org\/{rel}","templated":true}]}}