{"id":2401,"date":"2022-12-15T11:53:53","date_gmt":"2022-12-15T10:53:53","guid":{"rendered":"https:\/\/multipub.re\/?post_type=product&#038;p=2401"},"modified":"2023-03-04T06:37:58","modified_gmt":"2023-03-04T05:37:58","slug":"toile-imprimee","status":"publish","type":"product","link":"https:\/\/multipub.re\/index.php\/produit\/toile-imprimee\/","title":{"rendered":"Toiles imprim\u00e9es"},"content":{"rendered":"<p><strong>Envie d&rsquo;une toile de ma\u00eetre ?<\/strong> Essayez l&rsquo;impression sur toile \ud83d\ude42 Nous pouvons imprimer sur toile polyester (240gr) ou coton (350gr), au format de votre choix ! Avec la possibilit\u00e9 de choisir parmi de nombreux motifs et de personnaliser votre toile avec votre propre image ou photo, vous pourrez cr\u00e9er un objet de d\u00e9coration unique qui s&rsquo;int\u00e9grera parfaitement \u00e0 votre d\u00e9cor.<\/p>\n<p>Notre service d&rsquo;impression sur toile offre une qualit\u00e9 exceptionnelle, avec des encres de haute qualit\u00e9 et une impression en haute r\u00e9solution. Nous proposons \u00e9galement un large choix de tailles pour s&rsquo;adapter \u00e0 tous les espaces.<\/p>\n<p><strong>Notez bien :<\/strong> Pensez \u00e0 acheter votre ch\u00e2ssis en bois <strong>avant<\/strong> de passer commande, pour \u00eatre s\u00fbr d&rsquo;avoir le format id\u00e9al !<\/p>\n","protected":false},"excerpt":{"rendered":"<p>Pour marquer une pi\u00e8ce ou une \u00e9poque !<\/p>\n","protected":false},"featured_media":2402,"template":"","meta":{"site-sidebar-layout":"default","site-content-layout":"default","ast-site-content-layout":"default","site-content-style":"default","site-sidebar-style":"default","ast-global-header-display":"","ast-banner-title-visibility":"","ast-main-header-display":"","ast-hfb-above-header-display":"","ast-hfb-below-header-display":"","ast-hfb-mobile-header-display":"","site-post-title":"","ast-breadcrumbs-content":"","ast-featured-img":"","footer-sml-layout":"","ast-disable-related-posts":"","theme-transparent-header-meta":"default","adv-header-id-meta":"","stick-header-meta":"","header-above-stick-meta":"","header-main-stick-meta":"","header-below-stick-meta":"","astra-migrate-meta-layouts":"default","ast-page-background-enabled":"default","ast-page-background-meta":{"desktop":{"background-color":"var(--ast-global-color-4)","background-image":"","background-repeat":"repeat","background-position":"center center","background-size":"auto","background-attachment":"scroll","background-type":"","background-media":"","overlay-type":"","overlay-color":"","overlay-opacity":"","overlay-gradient":""},"tablet":{"background-color":"","background-image":"","background-repeat":"repeat","background-position":"center center","background-size":"auto","background-attachment":"scroll","background-type":"","background-media":"","overlay-type":"","overlay-color":"","overlay-opacity":"","overlay-gradient":""},"mobile":{"background-color":"","background-image":"","background-repeat":"repeat","background-position":"center center","background-size":"auto","background-attachment":"scroll","background-type":"","background-media":"","overlay-type":"","overlay-color":"","overlay-opacity":"","overlay-gradient":""}},"ast-content-background-meta":{"desktop":{"background-color":"var(--ast-global-color-5)","background-image":"","background-repeat":"repeat","background-position":"center center","background-size":"auto","background-attachment":"scroll","background-type":"","background-media":"","overlay-type":"","overlay-color":"","overlay-opacity":"","overlay-gradient":""},"tablet":{"background-color":"var(--ast-global-color-5)","background-image":"","background-repeat":"repeat","background-position":"center center","background-size":"auto","background-attachment":"scroll","background-type":"","background-media":"","overlay-type":"","overlay-color":"","overlay-opacity":"","overlay-gradient":""},"mobile":{"background-color":"var(--ast-global-color-5)","background-image":"","background-repeat":"repeat","background-position":"center center","background-size":"auto","background-attachment":"scroll","background-type":"","background-media":"","overlay-type":"","overlay-color":"","overlay-opacity":"","overlay-gradient":""}}},"product_brand":[],"product_cat":[33,40,41],"product_tag":[],"class_list":{"0":"post-2401","1":"product","2":"type-product","3":"status-publish","4":"has-post-thumbnail","6":"product_cat-imprimerie-et-papeterie","7":"product_cat-idees-deco","8":"product_cat-decoration-interieure","9":"desktop-align-left","10":"tablet-align-left","11":"mobile-align-left","13":"first","14":"instock","15":"featured","16":"taxable","17":"shipping-taxable","18":"product-type-simple"},"yoast_head":"<!-- This site is optimized with the Yoast SEO plugin v26.7 - https:\/\/yoast.com\/wordpress\/plugins\/seo\/ -->\n<title>Toiles imprim\u00e9es - MultiPub.re<\/title>\n<meta name=\"description\" content=\"Vous \u00eates \u00e0 la recherche d&#039;un moyen original et \u00e9l\u00e9gant de d\u00e9corer votre int\u00e9rieur ? L&#039;impression sur toile est une solution id\u00e9ale !\" \/>\n<meta name=\"robots\" content=\"index, follow, max-snippet:-1, max-image-preview:large, max-video-preview:-1\" \/>\n<link rel=\"canonical\" href=\"https:\/\/multipub.re\/index.php\/produit\/toile-imprimee\/\" \/>\n<meta property=\"og:locale\" content=\"fr_FR\" \/>\n<meta property=\"og:type\" content=\"article\" \/>\n<meta property=\"og:title\" content=\"Toiles imprim\u00e9es - MultiPub.re\" \/>\n<meta property=\"og:description\" content=\"Vous \u00eates \u00e0 la recherche d&#039;un moyen original et \u00e9l\u00e9gant de d\u00e9corer votre int\u00e9rieur ? L&#039;impression sur toile est une solution id\u00e9ale !\" \/>\n<meta property=\"og:url\" content=\"https:\/\/multipub.re\/index.php\/produit\/toile-imprimee\/\" \/>\n<meta property=\"og:site_name\" content=\"MultiPub.re\" \/>\n<meta property=\"article:publisher\" content=\"https:\/\/www.facebook.com\/multipub.re\" \/>\n<meta property=\"article:modified_time\" content=\"2023-03-04T05:37:58+00:00\" \/>\n<meta property=\"og:image\" content=\"https:\/\/multipub.re\/wp-content\/uploads\/2022\/12\/5b030093e284f__MG_5381.jpg\" \/>\n\t<meta property=\"og:image:width\" content=\"726\" \/>\n\t<meta property=\"og:image:height\" content=\"420\" \/>\n\t<meta property=\"og:image:type\" content=\"image\/jpeg\" \/>\n<meta name=\"twitter:card\" content=\"summary_large_image\" \/>\n<meta name=\"twitter:label1\" content=\"Dur\u00e9e de lecture estim\u00e9e\" \/>\n\t<meta name=\"twitter:data1\" content=\"1 minute\" \/>\n<script type=\"application\/ld+json\" class=\"yoast-schema-graph\">{\"@context\":\"https:\/\/schema.org\",\"@graph\":[{\"@type\":\"WebPage\",\"@id\":\"https:\/\/multipub.re\/index.php\/produit\/toile-imprimee\/\",\"url\":\"https:\/\/multipub.re\/index.php\/produit\/toile-imprimee\/\",\"name\":\"Toiles imprim\u00e9es - MultiPub.re\",\"isPartOf\":{\"@id\":\"https:\/\/multipub.re\/#website\"},\"primaryImageOfPage\":{\"@id\":\"https:\/\/multipub.re\/index.php\/produit\/toile-imprimee\/#primaryimage\"},\"image\":{\"@id\":\"https:\/\/multipub.re\/index.php\/produit\/toile-imprimee\/#primaryimage\"},\"thumbnailUrl\":\"https:\/\/multipub.re\/wp-content\/uploads\/2022\/12\/5b030093e284f__MG_5381.jpg\",\"datePublished\":\"2022-12-15T10:53:53+00:00\",\"dateModified\":\"2023-03-04T05:37:58+00:00\",\"description\":\"Vous \u00eates \u00e0 la recherche d'un moyen original et \u00e9l\u00e9gant de d\u00e9corer votre int\u00e9rieur ? L'impression sur toile est une solution id\u00e9ale !\",\"breadcrumb\":{\"@id\":\"https:\/\/multipub.re\/index.php\/produit\/toile-imprimee\/#breadcrumb\"},\"inLanguage\":\"fr-FR\",\"potentialAction\":[{\"@type\":\"ReadAction\",\"target\":[\"https:\/\/multipub.re\/index.php\/produit\/toile-imprimee\/\"]}]},{\"@type\":\"ImageObject\",\"inLanguage\":\"fr-FR\",\"@id\":\"https:\/\/multipub.re\/index.php\/produit\/toile-imprimee\/#primaryimage\",\"url\":\"https:\/\/multipub.re\/wp-content\/uploads\/2022\/12\/5b030093e284f__MG_5381.jpg\",\"contentUrl\":\"https:\/\/multipub.re\/wp-content\/uploads\/2022\/12\/5b030093e284f__MG_5381.jpg\",\"width\":726,\"height\":420,\"caption\":\"Toile imprim\u00e9e avec une image de paysage de montagne enneig\u00e9e\"},{\"@type\":\"BreadcrumbList\",\"@id\":\"https:\/\/multipub.re\/index.php\/produit\/toile-imprimee\/#breadcrumb\",\"itemListElement\":[{\"@type\":\"ListItem\",\"position\":1,\"name\":\"Accueil\",\"item\":\"https:\/\/multipub.re\/\"},{\"@type\":\"ListItem\",\"position\":2,\"name\":\"Boutique\",\"item\":\"https:\/\/multipub.re\/index.php\/boutique\/\"},{\"@type\":\"ListItem\",\"position\":3,\"name\":\"Toiles imprim\u00e9es\"}]},{\"@type\":\"WebSite\",\"@id\":\"https:\/\/multipub.re\/#website\",\"url\":\"https:\/\/multipub.re\/\",\"name\":\"MultiPub.re - Votre partenaire publicitaire \u00e0 la R\u00e9union\",\"description\":\"Votre partenaire publicitaire\",\"publisher\":{\"@id\":\"https:\/\/multipub.re\/#organization\"},\"potentialAction\":[{\"@type\":\"SearchAction\",\"target\":{\"@type\":\"EntryPoint\",\"urlTemplate\":\"https:\/\/multipub.re\/?s={search_term_string}\"},\"query-input\":{\"@type\":\"PropertyValueSpecification\",\"valueRequired\":true,\"valueName\":\"search_term_string\"}}],\"inLanguage\":\"fr-FR\"},{\"@type\":\"Organization\",\"@id\":\"https:\/\/multipub.re\/#organization\",\"name\":\"MultiPub.re - Votre partenaire publicitaire \u00e0 la R\u00e9union\",\"url\":\"https:\/\/multipub.re\/\",\"logo\":{\"@type\":\"ImageObject\",\"inLanguage\":\"fr-FR\",\"@id\":\"https:\/\/multipub.re\/#\/schema\/logo\/image\/\",\"url\":\"https:\/\/i0.wp.com\/multipub.re\/wp-content\/uploads\/2022\/06\/logo-couleur-noir.png?fit=261%2C117&ssl=1\",\"contentUrl\":\"https:\/\/i0.wp.com\/multipub.re\/wp-content\/uploads\/2022\/06\/logo-couleur-noir.png?fit=261%2C117&ssl=1\",\"width\":261,\"height\":117,\"caption\":\"MultiPub.re - Votre partenaire publicitaire \u00e0 la R\u00e9union\"},\"image\":{\"@id\":\"https:\/\/multipub.re\/#\/schema\/logo\/image\/\"},\"sameAs\":[\"https:\/\/www.facebook.com\/multipub.re\",\"https:\/\/www.instagram.com\/multipub.re\"]}]}<\/script>\n<!-- \/ Yoast SEO plugin. -->","yoast_head_json":{"title":"Toiles imprim\u00e9es - MultiPub.re","description":"Vous \u00eates \u00e0 la recherche d'un moyen original et \u00e9l\u00e9gant de d\u00e9corer votre int\u00e9rieur ? L'impression sur toile est une solution id\u00e9ale !","robots":{"index":"index","follow":"follow","max-snippet":"max-snippet:-1","max-image-preview":"max-image-preview:large","max-video-preview":"max-video-preview:-1"},"canonical":"https:\/\/multipub.re\/index.php\/produit\/toile-imprimee\/","og_locale":"fr_FR","og_type":"article","og_title":"Toiles imprim\u00e9es - MultiPub.re","og_description":"Vous \u00eates \u00e0 la recherche d'un moyen original et \u00e9l\u00e9gant de d\u00e9corer votre int\u00e9rieur ? L'impression sur toile est une solution id\u00e9ale !","og_url":"https:\/\/multipub.re\/index.php\/produit\/toile-imprimee\/","og_site_name":"MultiPub.re","article_publisher":"https:\/\/www.facebook.com\/multipub.re","article_modified_time":"2023-03-04T05:37:58+00:00","og_image":[{"width":726,"height":420,"url":"https:\/\/multipub.re\/wp-content\/uploads\/2022\/12\/5b030093e284f__MG_5381.jpg","type":"image\/jpeg"}],"twitter_card":"summary_large_image","twitter_misc":{"Dur\u00e9e de lecture estim\u00e9e":"1 minute"},"schema":{"@context":"https:\/\/schema.org","@graph":[{"@type":"WebPage","@id":"https:\/\/multipub.re\/index.php\/produit\/toile-imprimee\/","url":"https:\/\/multipub.re\/index.php\/produit\/toile-imprimee\/","name":"Toiles imprim\u00e9es - MultiPub.re","isPartOf":{"@id":"https:\/\/multipub.re\/#website"},"primaryImageOfPage":{"@id":"https:\/\/multipub.re\/index.php\/produit\/toile-imprimee\/#primaryimage"},"image":{"@id":"https:\/\/multipub.re\/index.php\/produit\/toile-imprimee\/#primaryimage"},"thumbnailUrl":"https:\/\/multipub.re\/wp-content\/uploads\/2022\/12\/5b030093e284f__MG_5381.jpg","datePublished":"2022-12-15T10:53:53+00:00","dateModified":"2023-03-04T05:37:58+00:00","description":"Vous \u00eates \u00e0 la recherche d'un moyen original et \u00e9l\u00e9gant de d\u00e9corer votre int\u00e9rieur ? L'impression sur toile est une solution id\u00e9ale !","breadcrumb":{"@id":"https:\/\/multipub.re\/index.php\/produit\/toile-imprimee\/#breadcrumb"},"inLanguage":"fr-FR","potentialAction":[{"@type":"ReadAction","target":["https:\/\/multipub.re\/index.php\/produit\/toile-imprimee\/"]}]},{"@type":"ImageObject","inLanguage":"fr-FR","@id":"https:\/\/multipub.re\/index.php\/produit\/toile-imprimee\/#primaryimage","url":"https:\/\/multipub.re\/wp-content\/uploads\/2022\/12\/5b030093e284f__MG_5381.jpg","contentUrl":"https:\/\/multipub.re\/wp-content\/uploads\/2022\/12\/5b030093e284f__MG_5381.jpg","width":726,"height":420,"caption":"Toile imprim\u00e9e avec une image de paysage de montagne enneig\u00e9e"},{"@type":"BreadcrumbList","@id":"https:\/\/multipub.re\/index.php\/produit\/toile-imprimee\/#breadcrumb","itemListElement":[{"@type":"ListItem","position":1,"name":"Accueil","item":"https:\/\/multipub.re\/"},{"@type":"ListItem","position":2,"name":"Boutique","item":"https:\/\/multipub.re\/index.php\/boutique\/"},{"@type":"ListItem","position":3,"name":"Toiles imprim\u00e9es"}]},{"@type":"WebSite","@id":"https:\/\/multipub.re\/#website","url":"https:\/\/multipub.re\/","name":"MultiPub.re - Votre partenaire publicitaire \u00e0 la R\u00e9union","description":"Votre partenaire publicitaire","publisher":{"@id":"https:\/\/multipub.re\/#organization"},"potentialAction":[{"@type":"SearchAction","target":{"@type":"EntryPoint","urlTemplate":"https:\/\/multipub.re\/?s={search_term_string}"},"query-input":{"@type":"PropertyValueSpecification","valueRequired":true,"valueName":"search_term_string"}}],"inLanguage":"fr-FR"},{"@type":"Organization","@id":"https:\/\/multipub.re\/#organization","name":"MultiPub.re - Votre partenaire publicitaire \u00e0 la R\u00e9union","url":"https:\/\/multipub.re\/","logo":{"@type":"ImageObject","inLanguage":"fr-FR","@id":"https:\/\/multipub.re\/#\/schema\/logo\/image\/","url":"https:\/\/i0.wp.com\/multipub.re\/wp-content\/uploads\/2022\/06\/logo-couleur-noir.png?fit=261%2C117&ssl=1","contentUrl":"https:\/\/i0.wp.com\/multipub.re\/wp-content\/uploads\/2022\/06\/logo-couleur-noir.png?fit=261%2C117&ssl=1","width":261,"height":117,"caption":"MultiPub.re - Votre partenaire publicitaire \u00e0 la R\u00e9union"},"image":{"@id":"https:\/\/multipub.re\/#\/schema\/logo\/image\/"},"sameAs":["https:\/\/www.facebook.com\/multipub.re","https:\/\/www.instagram.com\/multipub.re"]}]}},"_links":{"self":[{"href":"https:\/\/multipub.re\/index.php\/wp-json\/wp\/v2\/product\/2401","targetHints":{"allow":["GET"]}}],"collection":[{"href":"https:\/\/multipub.re\/index.php\/wp-json\/wp\/v2\/product"}],"about":[{"href":"https:\/\/multipub.re\/index.php\/wp-json\/wp\/v2\/types\/product"}],"wp:featuredmedia":[{"embeddable":true,"href":"https:\/\/multipub.re\/index.php\/wp-json\/wp\/v2\/media\/2402"}],"wp:attachment":[{"href":"https:\/\/multipub.re\/index.php\/wp-json\/wp\/v2\/media?parent=2401"}],"wp:term":[{"taxonomy":"product_brand","embeddable":true,"href":"https:\/\/multipub.re\/index.php\/wp-json\/wp\/v2\/product_brand?post=2401"},{"taxonomy":"product_cat","embeddable":true,"href":"https:\/\/multipub.re\/index.php\/wp-json\/wp\/v2\/product_cat?post=2401"},{"taxonomy":"product_tag","embeddable":true,"href":"https:\/\/multipub.re\/index.php\/wp-json\/wp\/v2\/product_tag?post=2401"}],"curies":[{"name":"wp","href":"https:\/\/api.w.org\/{rel}","templated":true}]}}